{"id":189677,"date":"2024-12-17T15:40:48","date_gmt":"2024-12-17T14:40:48","guid":{"rendered":"https:\/\/staging.rendez-vous-store.com\/?post_type=product&#038;p=189677"},"modified":"2026-02-04T17:47:17","modified_gmt":"2026-02-04T16:47:17","slug":"aton-crewneck-sweater-kragcw0813-charcoal-grey-rendez-vous-store","status":"publish","type":"product","link":"https:\/\/staging.rendez-vous-store.com\/fr\/shop\/special-offer-women-rendez-vous-store\/women-knitwear-special-offer\/aton-crewneck-sweater-kragcw0813-charcoal-grey-rendez-vous-store\/","title":{"rendered":"ATON - Pull \u00e0 col roul\u00e9 KRAGCW0813 - Gris anthracite"},"content":{"rendered":"<p><strong>ATON Pull \u00e0 col roul\u00e9 KRAGCW0813 Gris anthracite<\/strong><\/p>\n<p>Couleur : Gris anthracite<\/p>\n<p>Col c\u00f4tel\u00e9<\/p>\n<p>Poignets et ourlets c\u00f4tel\u00e9s<\/p>\n<p>Manches longues<\/p>\n<p>Coupe ample<\/p>\n<p>Composition : 100% Laine<\/p>\n<p>Fabriqu\u00e9 au Japon<\/p>\n<p>&nbsp;<\/p>\n<p><strong>Mesures :<\/strong><\/p>\n<p><strong>Taille M : Epaules : 47cm - Poitrine : 56cm - Longueur : 57cm - Manche : 56cm - Emmanchure : 22cm<\/strong><\/p>\n<p>&nbsp;<\/p>\n<p>&nbsp;<\/p>\n<p>&nbsp;<\/p>\n<p>&nbsp;<\/p>\n<p><strong>La marque<\/strong><\/p>\n<p>ATON est une marque japonaise fond\u00e9e en 2016 par Yasuharu Kuzaki, qui se concentre sur la simplicit\u00e9 raffin\u00e9e et le design utile.<\/p>\n<p>Au Japon, des artisans qualifi\u00e9s confectionnent chaque v\u00eatement \u00e0 la main en utilisant des mati\u00e8res de premi\u00e8re qualit\u00e9 comme le cachemire lav\u00e9, le coton, la soie, la laine et le lin. Les teintes naturelles, obtenues gr\u00e2ce \u00e0 des techniques de teinture traditionnelles, soulignent l'attachement de la marque \u00e0 une \u00e9l\u00e9gance discr\u00e8te.<\/p>\n<p>Yasuharu Kuzaki teste les prototypes pendant un an pour garantir la durabilit\u00e9, le confort et une qualit\u00e9 in\u00e9gal\u00e9e. Ce processus m\u00e9ticuleux permet de cr\u00e9er des v\u00eatements intemporels, pr\u00eats \u00e0 porter, pour des personnes m\u00fbres et s\u00fbres d'elles.<\/p>","protected":false},"excerpt":{"rendered":"<p>ATON Crewneck Sweater KRAGCW0813 Charcoal Grey Color: Charcoal Grey Ribbed Neck Ribbed Cuffs and Hem Long Sleeves Relax Fit Composition: 100% Wool Made In Japan &nbsp; Measurements: Size M: Shoulders: 47cm \u2013 Chest: 56cm \u2013 Length: 57cm \u2013 Sleeve: 56cm \u2013 Arm hole: 22cm &nbsp; &nbsp; &nbsp; &nbsp; The brand ATON is a Japanese brand&hellip; <a class=\"more-link\" href=\"https:\/\/staging.rendez-vous-store.com\/fr\/shop\/special-offer-women-rendez-vous-store\/women-knitwear-special-offer\/aton-crewneck-sweater-kragcw0813-charcoal-grey-rendez-vous-store\/\">Continue reading <span class=\"screen-reader-text\">ATON - Pull \u00e0 col roul\u00e9 KRAGCW0813 - Gris anthracite<\/span><\/a><\/p>","protected":false},"featured_media":189901,"template":"","meta":{"_acf_changed":false},"product_brand":[],"product_cat":[1292,1338,1335,17,199],"product_tag":[1347],"class_list":{"0":"post-189677","1":"product","2":"type-product","3":"status-publish","4":"has-post-thumbnail","6":"product_cat-1292","7":"product_cat-women-knitwear-special-offer","8":"product_cat-special-offer-women-rendez-vous-store","9":"product_cat-women","10":"product_cat-women-knitwears-discover-our-selection-rendez-vous-store","11":"product_tag-aton","12":"entry","14":"first","15":"instock","16":"taxable","17":"shipping-taxable","18":"purchasable","19":"product-type-variable"},"acf":[],"yoast_head":"<!-- This site is optimized with the Yoast SEO plugin v24.9 - https:\/\/yoast.com\/wordpress\/plugins\/seo\/ -->\n<title>ATON Crewneck Sweater KRAGCW0813 Charcoal Grey<\/title>\n<meta name=\"description\" content=\"This ATON Crewneck Sweater KRAGCW0813 Charcoal Grey combines timeless style with modern craftsmanship, offering comfort and durability.\" \/>\n<meta name=\"robots\" content=\"noindex, follow, max-snippet:-1, max-image-preview:large, max-video-preview:-1\" \/>\n<meta property=\"og:locale\" content=\"fr_FR\" \/>\n<meta property=\"og:type\" content=\"article\" \/>\n<meta property=\"og:title\" content=\"ATON Crewneck Sweater KRAGCW0813 Charcoal Grey\" \/>\n<meta property=\"og:description\" content=\"This ATON Crewneck Sweater KRAGCW0813 Charcoal Grey combines timeless style with modern craftsmanship, offering comfort and durability.\" \/>\n<meta property=\"og:url\" content=\"https:\/\/rendez-vous-store.com\/shop\/special-offer-women-rendez-vous-store\/women-knitwear-special-offer\/aton-crewneck-sweater-kragcw0813-charcoal-grey-rendez-vous-store\/\" \/>\n<meta property=\"og:site_name\" content=\"STAGING RENDEZ-VOUS STORE\" \/>\n<meta property=\"article:modified_time\" content=\"2026-02-04T16:47:17+00:00\" \/>\n<meta property=\"og:image\" content=\"https:\/\/rendez-vous-store.com\/app\/uploads\/2024\/12\/image00002-2-e1734605026803.webp\" \/>\n\t<meta property=\"og:image:width\" content=\"1696\" \/>\n\t<meta property=\"og:image:height\" content=\"2560\" \/>\n\t<meta property=\"og:image:type\" content=\"image\/webp\" \/>\n<meta name=\"twitter:card\" content=\"summary_large_image\" \/>\n<meta name=\"twitter:label1\" content=\"Est. reading time\" \/>\n\t<meta name=\"twitter:data1\" content=\"1 minute\" \/>\n<script type=\"application\/ld+json\" class=\"yoast-schema-graph\">{\"@context\":\"https:\/\/schema.org\",\"@graph\":[{\"@type\":\"WebPage\",\"@id\":\"https:\/\/rendez-vous-store.com\/shop\/special-offer-women-rendez-vous-store\/women-knitwear-special-offer\/aton-crewneck-sweater-kragcw0813-charcoal-grey-rendez-vous-store\/\",\"url\":\"https:\/\/rendez-vous-store.com\/shop\/special-offer-women-rendez-vous-store\/women-knitwear-special-offer\/aton-crewneck-sweater-kragcw0813-charcoal-grey-rendez-vous-store\/\",\"name\":\"ATON Crewneck Sweater KRAGCW0813 Charcoal Grey\",\"isPartOf\":{\"@id\":\"https:\/\/rendez-vous-store.com\/#website\"},\"primaryImageOfPage\":{\"@id\":\"https:\/\/rendez-vous-store.com\/shop\/special-offer-women-rendez-vous-store\/women-knitwear-special-offer\/aton-crewneck-sweater-kragcw0813-charcoal-grey-rendez-vous-store\/#primaryimage\"},\"image\":{\"@id\":\"https:\/\/rendez-vous-store.com\/shop\/special-offer-women-rendez-vous-store\/women-knitwear-special-offer\/aton-crewneck-sweater-kragcw0813-charcoal-grey-rendez-vous-store\/#primaryimage\"},\"thumbnailUrl\":\"https:\/\/images-store-v2.s3.eu-west-par.io.cloud.ovh.net\/uploads\/2024\/12\/image00002-2-e1734605026803.webp\",\"datePublished\":\"2024-12-17T14:40:48+00:00\",\"dateModified\":\"2026-02-04T16:47:17+00:00\",\"description\":\"This ATON Crewneck Sweater KRAGCW0813 Charcoal Grey combines timeless style with modern craftsmanship, offering comfort and durability.\",\"breadcrumb\":{\"@id\":\"https:\/\/rendez-vous-store.com\/shop\/special-offer-women-rendez-vous-store\/women-knitwear-special-offer\/aton-crewneck-sweater-kragcw0813-charcoal-grey-rendez-vous-store\/#breadcrumb\"},\"inLanguage\":\"fr-FR\",\"potentialAction\":[{\"@type\":\"ReadAction\",\"target\":[\"https:\/\/rendez-vous-store.com\/shop\/special-offer-women-rendez-vous-store\/women-knitwear-special-offer\/aton-crewneck-sweater-kragcw0813-charcoal-grey-rendez-vous-store\/\"]}]},{\"@type\":\"ImageObject\",\"inLanguage\":\"fr-FR\",\"@id\":\"https:\/\/rendez-vous-store.com\/shop\/special-offer-women-rendez-vous-store\/women-knitwear-special-offer\/aton-crewneck-sweater-kragcw0813-charcoal-grey-rendez-vous-store\/#primaryimage\",\"url\":\"https:\/\/images-store-v2.s3.eu-west-par.io.cloud.ovh.net\/uploads\/2024\/12\/image00002-2-e1734605026803.webp\",\"contentUrl\":\"https:\/\/images-store-v2.s3.eu-west-par.io.cloud.ovh.net\/uploads\/2024\/12\/image00002-2-e1734605026803.webp\",\"width\":1696,\"height\":2560},{\"@type\":\"BreadcrumbList\",\"@id\":\"https:\/\/rendez-vous-store.com\/shop\/special-offer-women-rendez-vous-store\/women-knitwear-special-offer\/aton-crewneck-sweater-kragcw0813-charcoal-grey-rendez-vous-store\/#breadcrumb\",\"itemListElement\":[{\"@type\":\"ListItem\",\"position\":1,\"name\":\"Home\",\"item\":\"https:\/\/rendez-vous-store.com\/\"},{\"@type\":\"ListItem\",\"position\":2,\"name\":\"Shop\",\"item\":\"https:\/\/www.rendez-vous-store.com\/shop\/\"},{\"@type\":\"ListItem\",\"position\":3,\"name\":\"ATON &#8211; Crewneck Sweater KRAGCW0813 &#8211; Charcoal Grey\"}]},{\"@type\":\"WebSite\",\"@id\":\"https:\/\/rendez-vous-store.com\/#website\",\"url\":\"https:\/\/rendez-vous-store.com\/\",\"name\":\"STAGING RENDEZ-VOUS STORE\",\"description\":\"Slow Fashion for Women and Men\",\"potentialAction\":[{\"@type\":\"SearchAction\",\"target\":{\"@type\":\"EntryPoint\",\"urlTemplate\":\"https:\/\/rendez-vous-store.com\/?s={search_term_string}\"},\"query-input\":{\"@type\":\"PropertyValueSpecification\",\"valueRequired\":true,\"valueName\":\"search_term_string\"}}],\"inLanguage\":\"fr-FR\"}]}<\/script>\n<!-- \/ Yoast SEO plugin. -->","yoast_head_json":{"title":"ATON Crewneck Sweater KRAGCW0813 Charcoal Grey","description":"This ATON Crewneck Sweater KRAGCW0813 Charcoal Grey combines timeless style with modern craftsmanship, offering comfort and durability.","robots":{"index":"noindex","follow":"follow","max-snippet":"max-snippet:-1","max-image-preview":"max-image-preview:large","max-video-preview":"max-video-preview:-1"},"og_locale":"fr_FR","og_type":"article","og_title":"ATON Crewneck Sweater KRAGCW0813 Charcoal Grey","og_description":"This ATON Crewneck Sweater KRAGCW0813 Charcoal Grey combines timeless style with modern craftsmanship, offering comfort and durability.","og_url":"https:\/\/rendez-vous-store.com\/shop\/special-offer-women-rendez-vous-store\/women-knitwear-special-offer\/aton-crewneck-sweater-kragcw0813-charcoal-grey-rendez-vous-store\/","og_site_name":"STAGING RENDEZ-VOUS STORE","article_modified_time":"2026-02-04T16:47:17+00:00","og_image":[{"width":1696,"height":2560,"url":"https:\/\/rendez-vous-store.com\/app\/uploads\/2024\/12\/image00002-2-e1734605026803.webp","type":"image\/webp"}],"twitter_card":"summary_large_image","twitter_misc":{"Est. reading time":"1 minute"},"schema":{"@context":"https:\/\/schema.org","@graph":[{"@type":"WebPage","@id":"https:\/\/rendez-vous-store.com\/shop\/special-offer-women-rendez-vous-store\/women-knitwear-special-offer\/aton-crewneck-sweater-kragcw0813-charcoal-grey-rendez-vous-store\/","url":"https:\/\/rendez-vous-store.com\/shop\/special-offer-women-rendez-vous-store\/women-knitwear-special-offer\/aton-crewneck-sweater-kragcw0813-charcoal-grey-rendez-vous-store\/","name":"ATON Crewneck Sweater KRAGCW0813 Charcoal Grey","isPartOf":{"@id":"https:\/\/rendez-vous-store.com\/#website"},"primaryImageOfPage":{"@id":"https:\/\/rendez-vous-store.com\/shop\/special-offer-women-rendez-vous-store\/women-knitwear-special-offer\/aton-crewneck-sweater-kragcw0813-charcoal-grey-rendez-vous-store\/#primaryimage"},"image":{"@id":"https:\/\/rendez-vous-store.com\/shop\/special-offer-women-rendez-vous-store\/women-knitwear-special-offer\/aton-crewneck-sweater-kragcw0813-charcoal-grey-rendez-vous-store\/#primaryimage"},"thumbnailUrl":"https:\/\/images-store-v2.s3.eu-west-par.io.cloud.ovh.net\/uploads\/2024\/12\/image00002-2-e1734605026803.webp","datePublished":"2024-12-17T14:40:48+00:00","dateModified":"2026-02-04T16:47:17+00:00","description":"This ATON Crewneck Sweater KRAGCW0813 Charcoal Grey combines timeless style with modern craftsmanship, offering comfort and durability.","breadcrumb":{"@id":"https:\/\/rendez-vous-store.com\/shop\/special-offer-women-rendez-vous-store\/women-knitwear-special-offer\/aton-crewneck-sweater-kragcw0813-charcoal-grey-rendez-vous-store\/#breadcrumb"},"inLanguage":"fr-FR","potentialAction":[{"@type":"ReadAction","target":["https:\/\/rendez-vous-store.com\/shop\/special-offer-women-rendez-vous-store\/women-knitwear-special-offer\/aton-crewneck-sweater-kragcw0813-charcoal-grey-rendez-vous-store\/"]}]},{"@type":"ImageObject","inLanguage":"fr-FR","@id":"https:\/\/rendez-vous-store.com\/shop\/special-offer-women-rendez-vous-store\/women-knitwear-special-offer\/aton-crewneck-sweater-kragcw0813-charcoal-grey-rendez-vous-store\/#primaryimage","url":"https:\/\/images-store-v2.s3.eu-west-par.io.cloud.ovh.net\/uploads\/2024\/12\/image00002-2-e1734605026803.webp","contentUrl":"https:\/\/images-store-v2.s3.eu-west-par.io.cloud.ovh.net\/uploads\/2024\/12\/image00002-2-e1734605026803.webp","width":1696,"height":2560},{"@type":"BreadcrumbList","@id":"https:\/\/rendez-vous-store.com\/shop\/special-offer-women-rendez-vous-store\/women-knitwear-special-offer\/aton-crewneck-sweater-kragcw0813-charcoal-grey-rendez-vous-store\/#breadcrumb","itemListElement":[{"@type":"ListItem","position":1,"name":"Home","item":"https:\/\/rendez-vous-store.com\/"},{"@type":"ListItem","position":2,"name":"Shop","item":"https:\/\/www.rendez-vous-store.com\/shop\/"},{"@type":"ListItem","position":3,"name":"ATON &#8211; Crewneck Sweater KRAGCW0813 &#8211; Charcoal Grey"}]},{"@type":"WebSite","@id":"https:\/\/rendez-vous-store.com\/#website","url":"https:\/\/rendez-vous-store.com\/","name":"STAGING RENDEZ-VOUS STORE","description":"Slow Fashion for Women and Men","potentialAction":[{"@type":"SearchAction","target":{"@type":"EntryPoint","urlTemplate":"https:\/\/rendez-vous-store.com\/?s={search_term_string}"},"query-input":{"@type":"PropertyValueSpecification","valueRequired":true,"valueName":"search_term_string"}}],"inLanguage":"fr-FR"}]}},"_links":{"self":[{"href":"https:\/\/staging.rendez-vous-store.com\/fr\/wp-json\/wp\/v2\/product\/189677","targetHints":{"allow":["GET"]}}],"collection":[{"href":"https:\/\/staging.rendez-vous-store.com\/fr\/wp-json\/wp\/v2\/product"}],"about":[{"href":"https:\/\/staging.rendez-vous-store.com\/fr\/wp-json\/wp\/v2\/types\/product"}],"wp:featuredmedia":[{"embeddable":true,"href":"https:\/\/staging.rendez-vous-store.com\/fr\/wp-json\/wp\/v2\/media\/189901"}],"wp:attachment":[{"href":"https:\/\/staging.rendez-vous-store.com\/fr\/wp-json\/wp\/v2\/media?parent=189677"}],"wp:term":[{"taxonomy":"product_brand","embeddable":true,"href":"https:\/\/staging.rendez-vous-store.com\/fr\/wp-json\/wp\/v2\/product_brand?post=189677"},{"taxonomy":"product_cat","embeddable":true,"href":"https:\/\/staging.rendez-vous-store.com\/fr\/wp-json\/wp\/v2\/product_cat?post=189677"},{"taxonomy":"product_tag","embeddable":true,"href":"https:\/\/staging.rendez-vous-store.com\/fr\/wp-json\/wp\/v2\/product_tag?post=189677"}],"curies":[{"name":"wp","href":"https:\/\/api.w.org\/{rel}","templated":true}]}}