{"id":193131,"date":"2025-02-10T12:37:38","date_gmt":"2025-02-10T11:37:38","guid":{"rendered":"https:\/\/staging.rendez-vous-store.com\/?post_type=product&#038;p=193131"},"modified":"2025-12-30T14:12:52","modified_gmt":"2025-12-30T13:12:52","slug":"paraboot-women-malo-lis-america-raid-noire-rendez-vous-store","status":"publish","type":"product","link":"https:\/\/staging.rendez-vous-store.com\/fr\/shop\/special-offer-women-rendez-vous-store\/women-shoes-special-offer\/paraboot-women-malo-lis-america-raid-noire-rendez-vous-store\/","title":{"rendered":"Paraboot - Femme MALO Lis am\u00e9rica - Raid Noire"},"content":{"rendered":"<p><strong>Paraboot MALO Lis am\u00e9rica Raid Noire<\/strong><\/p>\n<p>Couleur : Raid Noire<\/p>\n<p>Inspir\u00e9 par les coutures Blake des mocassins des Indiens d'Am\u00e9rique<\/p>\n<p>Bout l\u00e9g\u00e8rement arrondi<\/p>\n<p>Blake Stitching<\/p>\n<p>Semelle en caoutchouc naturel<\/p>\n<p>Composition : 100% Cuir<\/p>\n<p>Fabriqu\u00e9 en Espagne<\/p>\n<p>&nbsp;<\/p>\n<p>&nbsp;<\/p>\n<p><strong>La marque :<\/strong><\/p>\n<p>Paraboot est une marque de chaussures fran\u00e7aise renomm\u00e9e qui fabrique des chaussures de haute qualit\u00e9 depuis 1908. La marque est r\u00e9put\u00e9e pour son savoir-faire exceptionnel, ses mod\u00e8les intemporels et son engagement \u00e0 utiliser des mat\u00e9riaux naturels et durables. Le style distinctif de Paraboot allie l'\u00e9l\u00e9gance classique \u00e0 une fonctionnalit\u00e9 robuste, cr\u00e9ant ainsi des chaussures \u00e0 la fois \u00e9l\u00e9gantes et confortables. Connues pour leur construction embl\u00e9matique \u00e0 tr\u00e9pointe Goodyear, les chaussures Paraboot sont con\u00e7ues pour r\u00e9sister \u00e0 l'\u00e9preuve du temps, offrant durabilit\u00e9 et r\u00e9parabilit\u00e9. La marque est r\u00e9put\u00e9e pour son approche innovante de la fabrication traditionnelle de chaussures, produisant une gamme de chaussures pour hommes et femmes, notamment des bottes, des mocassins et des oxfords. Paraboot est fi\u00e8re de son h\u00e9ritage fran\u00e7ais et continue de produire ses chaussures en France, en utilisant des mat\u00e9riaux de premi\u00e8re qualit\u00e9 tels que le cuir et le caoutchouc provenant de fournisseurs locaux.<\/p>","protected":false},"excerpt":{"rendered":"<p>Paraboot MALO Lis am\u00e9rica Raid Noire Color : Raid Noire Inspired by the Blake stitching of American Indian moccasins Slightly Rounded Toe Blake Stitching Natural Rubber Sole Composition: 100% Leather Made in Spain &nbsp; &nbsp; The Brand : Paraboot is a renowned French footwear brand that has been crafting high-quality shoes since 1908. The brand&hellip; <a class=\"more-link\" href=\"https:\/\/staging.rendez-vous-store.com\/fr\/shop\/special-offer-women-rendez-vous-store\/women-shoes-special-offer\/paraboot-women-malo-lis-america-raid-noire-rendez-vous-store\/\">Continue reading <span class=\"screen-reader-text\">Paraboot - Femme MALO Lis am\u00e9rica - Raid Noire<\/span><\/a><\/p>","protected":false},"featured_media":194194,"template":"","meta":{"_acf_changed":false},"product_brand":[],"product_cat":[1291,1344,1335,17,293],"product_tag":[683],"class_list":{"0":"post-193131","1":"product","2":"type-product","3":"status-publish","4":"has-post-thumbnail","6":"product_cat-sale-30","7":"product_cat-women-shoes-special-offer","8":"product_cat-special-offer-women-rendez-vous-store","9":"product_cat-women","10":"product_cat-women-shoes-heels-discover-our-selection-rendez-vous-store","11":"product_tag-paraboot","12":"entry","14":"first","15":"instock","16":"taxable","17":"shipping-taxable","18":"purchasable","19":"product-type-variable","20":"has-default-attributes"},"acf":[],"yoast_head":"<!-- This site is optimized with the Yoast SEO plugin v24.9 - https:\/\/yoast.com\/wordpress\/plugins\/seo\/ -->\n<title>Paraboot - MALO Lis am\u00e9rica Raid Noire<\/title>\n<meta name=\"description\" content=\"Paraboot is on Rendez-vous Store. This Paraboot MALO Lis am\u00e9rica Raid Noire is a a focus on comfort and functionality. Using premium materials.\" \/>\n<meta name=\"robots\" content=\"noindex, follow, max-snippet:-1, max-image-preview:large, max-video-preview:-1\" \/>\n<meta property=\"og:locale\" content=\"fr_FR\" \/>\n<meta property=\"og:type\" content=\"article\" \/>\n<meta property=\"og:title\" content=\"Paraboot - MALO Lis am\u00e9rica Raid Noire\" \/>\n<meta property=\"og:description\" content=\"Paraboot is on Rendez-vous Store. This Paraboot MALO Lis am\u00e9rica Raid Noire is a a focus on comfort and functionality. Using premium materials.\" \/>\n<meta property=\"og:url\" content=\"https:\/\/rendez-vous-store.com\/shop\/special-offer-women-rendez-vous-store\/women-shoes-special-offer\/paraboot-women-malo-lis-america-raid-noire-rendez-vous-store\/\" \/>\n<meta property=\"og:site_name\" content=\"STAGING RENDEZ-VOUS STORE\" \/>\n<meta property=\"article:modified_time\" content=\"2025-12-30T13:12:52+00:00\" \/>\n<meta property=\"og:image\" content=\"https:\/\/rendez-vous-store.com\/app\/uploads\/2025\/02\/IMG_1375_2_11zon-scaled.webp\" \/>\n\t<meta property=\"og:image:width\" content=\"1707\" \/>\n\t<meta property=\"og:image:height\" content=\"2560\" \/>\n\t<meta property=\"og:image:type\" content=\"image\/webp\" \/>\n<meta name=\"twitter:card\" content=\"summary_large_image\" \/>\n<meta name=\"twitter:label1\" content=\"Est. reading time\" \/>\n\t<meta name=\"twitter:data1\" content=\"1 minute\" \/>\n<script type=\"application\/ld+json\" class=\"yoast-schema-graph\">{\"@context\":\"https:\/\/schema.org\",\"@graph\":[{\"@type\":\"WebPage\",\"@id\":\"https:\/\/rendez-vous-store.com\/shop\/special-offer-women-rendez-vous-store\/women-shoes-special-offer\/paraboot-women-malo-lis-america-raid-noire-rendez-vous-store\/\",\"url\":\"https:\/\/rendez-vous-store.com\/shop\/special-offer-women-rendez-vous-store\/women-shoes-special-offer\/paraboot-women-malo-lis-america-raid-noire-rendez-vous-store\/\",\"name\":\"Paraboot - MALO Lis am\u00e9rica Raid Noire\",\"isPartOf\":{\"@id\":\"https:\/\/rendez-vous-store.com\/#website\"},\"primaryImageOfPage\":{\"@id\":\"https:\/\/rendez-vous-store.com\/shop\/special-offer-women-rendez-vous-store\/women-shoes-special-offer\/paraboot-women-malo-lis-america-raid-noire-rendez-vous-store\/#primaryimage\"},\"image\":{\"@id\":\"https:\/\/rendez-vous-store.com\/shop\/special-offer-women-rendez-vous-store\/women-shoes-special-offer\/paraboot-women-malo-lis-america-raid-noire-rendez-vous-store\/#primaryimage\"},\"thumbnailUrl\":\"https:\/\/images-store-v2.s3.eu-west-par.io.cloud.ovh.net\/uploads\/2025\/02\/IMG_1375_2_11zon-scaled.webp\",\"datePublished\":\"2025-02-10T11:37:38+00:00\",\"dateModified\":\"2025-12-30T13:12:52+00:00\",\"description\":\"Paraboot is on Rendez-vous Store. This Paraboot MALO Lis am\u00e9rica Raid Noire is a a focus on comfort and functionality. Using premium materials.\",\"breadcrumb\":{\"@id\":\"https:\/\/rendez-vous-store.com\/shop\/special-offer-women-rendez-vous-store\/women-shoes-special-offer\/paraboot-women-malo-lis-america-raid-noire-rendez-vous-store\/#breadcrumb\"},\"inLanguage\":\"fr-FR\",\"potentialAction\":[{\"@type\":\"ReadAction\",\"target\":[\"https:\/\/rendez-vous-store.com\/shop\/special-offer-women-rendez-vous-store\/women-shoes-special-offer\/paraboot-women-malo-lis-america-raid-noire-rendez-vous-store\/\"]}]},{\"@type\":\"ImageObject\",\"inLanguage\":\"fr-FR\",\"@id\":\"https:\/\/rendez-vous-store.com\/shop\/special-offer-women-rendez-vous-store\/women-shoes-special-offer\/paraboot-women-malo-lis-america-raid-noire-rendez-vous-store\/#primaryimage\",\"url\":\"https:\/\/images-store-v2.s3.eu-west-par.io.cloud.ovh.net\/uploads\/2025\/02\/IMG_1375_2_11zon-scaled.webp\",\"contentUrl\":\"https:\/\/images-store-v2.s3.eu-west-par.io.cloud.ovh.net\/uploads\/2025\/02\/IMG_1375_2_11zon-scaled.webp\",\"width\":1707,\"height\":2560},{\"@type\":\"BreadcrumbList\",\"@id\":\"https:\/\/rendez-vous-store.com\/shop\/special-offer-women-rendez-vous-store\/women-shoes-special-offer\/paraboot-women-malo-lis-america-raid-noire-rendez-vous-store\/#breadcrumb\",\"itemListElement\":[{\"@type\":\"ListItem\",\"position\":1,\"name\":\"Home\",\"item\":\"https:\/\/rendez-vous-store.com\/\"},{\"@type\":\"ListItem\",\"position\":2,\"name\":\"Shop\",\"item\":\"https:\/\/www.rendez-vous-store.com\/shop\/\"},{\"@type\":\"ListItem\",\"position\":3,\"name\":\"Paraboot \u2013 Women MALO Lis am\u00e9rica \u2013 Raid Noire\"}]},{\"@type\":\"WebSite\",\"@id\":\"https:\/\/rendez-vous-store.com\/#website\",\"url\":\"https:\/\/rendez-vous-store.com\/\",\"name\":\"STAGING RENDEZ-VOUS STORE\",\"description\":\"Slow Fashion for Women and Men\",\"potentialAction\":[{\"@type\":\"SearchAction\",\"target\":{\"@type\":\"EntryPoint\",\"urlTemplate\":\"https:\/\/rendez-vous-store.com\/?s={search_term_string}\"},\"query-input\":{\"@type\":\"PropertyValueSpecification\",\"valueRequired\":true,\"valueName\":\"search_term_string\"}}],\"inLanguage\":\"fr-FR\"}]}<\/script>\n<!-- \/ Yoast SEO plugin. -->","yoast_head_json":{"title":"Paraboot - MALO Lis am\u00e9rica Raid Noire","description":"Paraboot is on Rendez-vous Store. This Paraboot MALO Lis am\u00e9rica Raid Noire is a a focus on comfort and functionality. Using premium materials.","robots":{"index":"noindex","follow":"follow","max-snippet":"max-snippet:-1","max-image-preview":"max-image-preview:large","max-video-preview":"max-video-preview:-1"},"og_locale":"fr_FR","og_type":"article","og_title":"Paraboot - MALO Lis am\u00e9rica Raid Noire","og_description":"Paraboot is on Rendez-vous Store. This Paraboot MALO Lis am\u00e9rica Raid Noire is a a focus on comfort and functionality. Using premium materials.","og_url":"https:\/\/rendez-vous-store.com\/shop\/special-offer-women-rendez-vous-store\/women-shoes-special-offer\/paraboot-women-malo-lis-america-raid-noire-rendez-vous-store\/","og_site_name":"STAGING RENDEZ-VOUS STORE","article_modified_time":"2025-12-30T13:12:52+00:00","og_image":[{"width":1707,"height":2560,"url":"https:\/\/rendez-vous-store.com\/app\/uploads\/2025\/02\/IMG_1375_2_11zon-scaled.webp","type":"image\/webp"}],"twitter_card":"summary_large_image","twitter_misc":{"Est. reading time":"1 minute"},"schema":{"@context":"https:\/\/schema.org","@graph":[{"@type":"WebPage","@id":"https:\/\/rendez-vous-store.com\/shop\/special-offer-women-rendez-vous-store\/women-shoes-special-offer\/paraboot-women-malo-lis-america-raid-noire-rendez-vous-store\/","url":"https:\/\/rendez-vous-store.com\/shop\/special-offer-women-rendez-vous-store\/women-shoes-special-offer\/paraboot-women-malo-lis-america-raid-noire-rendez-vous-store\/","name":"Paraboot - MALO Lis am\u00e9rica Raid Noire","isPartOf":{"@id":"https:\/\/rendez-vous-store.com\/#website"},"primaryImageOfPage":{"@id":"https:\/\/rendez-vous-store.com\/shop\/special-offer-women-rendez-vous-store\/women-shoes-special-offer\/paraboot-women-malo-lis-america-raid-noire-rendez-vous-store\/#primaryimage"},"image":{"@id":"https:\/\/rendez-vous-store.com\/shop\/special-offer-women-rendez-vous-store\/women-shoes-special-offer\/paraboot-women-malo-lis-america-raid-noire-rendez-vous-store\/#primaryimage"},"thumbnailUrl":"https:\/\/images-store-v2.s3.eu-west-par.io.cloud.ovh.net\/uploads\/2025\/02\/IMG_1375_2_11zon-scaled.webp","datePublished":"2025-02-10T11:37:38+00:00","dateModified":"2025-12-30T13:12:52+00:00","description":"Paraboot is on Rendez-vous Store. This Paraboot MALO Lis am\u00e9rica Raid Noire is a a focus on comfort and functionality. Using premium materials.","breadcrumb":{"@id":"https:\/\/rendez-vous-store.com\/shop\/special-offer-women-rendez-vous-store\/women-shoes-special-offer\/paraboot-women-malo-lis-america-raid-noire-rendez-vous-store\/#breadcrumb"},"inLanguage":"fr-FR","potentialAction":[{"@type":"ReadAction","target":["https:\/\/rendez-vous-store.com\/shop\/special-offer-women-rendez-vous-store\/women-shoes-special-offer\/paraboot-women-malo-lis-america-raid-noire-rendez-vous-store\/"]}]},{"@type":"ImageObject","inLanguage":"fr-FR","@id":"https:\/\/rendez-vous-store.com\/shop\/special-offer-women-rendez-vous-store\/women-shoes-special-offer\/paraboot-women-malo-lis-america-raid-noire-rendez-vous-store\/#primaryimage","url":"https:\/\/images-store-v2.s3.eu-west-par.io.cloud.ovh.net\/uploads\/2025\/02\/IMG_1375_2_11zon-scaled.webp","contentUrl":"https:\/\/images-store-v2.s3.eu-west-par.io.cloud.ovh.net\/uploads\/2025\/02\/IMG_1375_2_11zon-scaled.webp","width":1707,"height":2560},{"@type":"BreadcrumbList","@id":"https:\/\/rendez-vous-store.com\/shop\/special-offer-women-rendez-vous-store\/women-shoes-special-offer\/paraboot-women-malo-lis-america-raid-noire-rendez-vous-store\/#breadcrumb","itemListElement":[{"@type":"ListItem","position":1,"name":"Home","item":"https:\/\/rendez-vous-store.com\/"},{"@type":"ListItem","position":2,"name":"Shop","item":"https:\/\/www.rendez-vous-store.com\/shop\/"},{"@type":"ListItem","position":3,"name":"Paraboot \u2013 Women MALO Lis am\u00e9rica \u2013 Raid Noire"}]},{"@type":"WebSite","@id":"https:\/\/rendez-vous-store.com\/#website","url":"https:\/\/rendez-vous-store.com\/","name":"STAGING RENDEZ-VOUS STORE","description":"Slow Fashion for Women and Men","potentialAction":[{"@type":"SearchAction","target":{"@type":"EntryPoint","urlTemplate":"https:\/\/rendez-vous-store.com\/?s={search_term_string}"},"query-input":{"@type":"PropertyValueSpecification","valueRequired":true,"valueName":"search_term_string"}}],"inLanguage":"fr-FR"}]}},"_links":{"self":[{"href":"https:\/\/staging.rendez-vous-store.com\/fr\/wp-json\/wp\/v2\/product\/193131","targetHints":{"allow":["GET"]}}],"collection":[{"href":"https:\/\/staging.rendez-vous-store.com\/fr\/wp-json\/wp\/v2\/product"}],"about":[{"href":"https:\/\/staging.rendez-vous-store.com\/fr\/wp-json\/wp\/v2\/types\/product"}],"wp:featuredmedia":[{"embeddable":true,"href":"https:\/\/staging.rendez-vous-store.com\/fr\/wp-json\/wp\/v2\/media\/194194"}],"wp:attachment":[{"href":"https:\/\/staging.rendez-vous-store.com\/fr\/wp-json\/wp\/v2\/media?parent=193131"}],"wp:term":[{"taxonomy":"product_brand","embeddable":true,"href":"https:\/\/staging.rendez-vous-store.com\/fr\/wp-json\/wp\/v2\/product_brand?post=193131"},{"taxonomy":"product_cat","embeddable":true,"href":"https:\/\/staging.rendez-vous-store.com\/fr\/wp-json\/wp\/v2\/product_cat?post=193131"},{"taxonomy":"product_tag","embeddable":true,"href":"https:\/\/staging.rendez-vous-store.com\/fr\/wp-json\/wp\/v2\/product_tag?post=193131"}],"curies":[{"name":"wp","href":"https:\/\/api.w.org\/{rel}","templated":true}]}}