{"id":206613,"date":"2025-05-27T10:10:05","date_gmt":"2025-05-27T08:10:05","guid":{"rendered":"https:\/\/staging.rendez-vous-store.com\/?post_type=product&#038;p=206613"},"modified":"2026-01-21T09:59:35","modified_gmt":"2026-01-21T08:59:35","slug":"tss-jacket-shirt-yt52lj01-blue-rendez-vous-store","status":"publish","type":"product","link":"https:\/\/staging.rendez-vous-store.com\/fr\/shop\/last-pieces-men\/last-pieces-men-coat-jacket-rendez-vous-store\/tss-jacket-shirt-yt52lj01-blue-rendez-vous-store\/","title":{"rendered":"Ts(s) &#8211; Jacket Shirt YT52LJ01 &#8211; Blue"},"content":{"rendered":"<p><strong>Ts(s) Jacket Shirt YT52LJ01 Blue<\/strong><\/p>\n<p>Couleur : Bleu<\/p>\n<p>Silhouette oversize<\/p>\n<p>Col chemise classique<\/p>\n<p>Fermeture par bouton<\/p>\n<p>\u00c9paules tombantes<\/p>\n<p>Composition: 80% Cotton, 20% Nylon<\/p>\n<p>Fabriqu\u00e9 au Japon<\/p>\n<p>&nbsp;<\/p>\n<p data-start=\"175\" data-end=\"418\">The Ts(s) &#8211; Jacket Shirt YT52LJ01 &#8211; Blue blurs the line between outerwear and shirting with effortless sophistication.<\/p>\n<p data-start=\"420\" data-end=\"613\">Thanks to its tailored shape and subtle structure, it layers easily over T-shirts or light knits. The rich blue tone adds depth, offering a versatile palette for both casual and polished looks.<\/p>\n<p data-start=\"615\" data-end=\"831\">Additionally, details like the sharp collar, tonal buttons, and flap pockets showcase Ts(s)&#8217; thoughtful craftsmanship. The silhouette balances ease with refinement, allowing movement while maintaining a clean finish.<\/p>\n<p data-start=\"833\" data-end=\"1105\" data-is-last-node=\"\" data-is-only-node=\"\">Wear it as a light jacket on mild days or style it under a coat as a mid-layer. Whether open or buttoned, it brings clarity and quiet confidence to everyday dressing. This is a seasonless staple built for those who appreciate well-crafted utility with an understated edge.<\/p>\n<p>&nbsp;<\/p>\n<p>&nbsp;<\/p>\n<p>&nbsp;<\/p>\n<h4>La marque<\/h4>\n<p>Ts(s) est une marque japonaise qui incarne le mariage de l'esth\u00e9tique traditionnelle et des sensibilit\u00e9s contemporaines. S'inspirant de diverses sources telles que les v\u00eatements de travail, les uniformes militaires et les tenues de sport, Ts(s) cr\u00e9e des v\u00eatements qui allient harmonieusement l'h\u00e9ritage et les principes de conception modernes.<\/p>\n<p>Chaque pi\u00e8ce m\u00e9ticuleusement fabriqu\u00e9e t\u00e9moigne d'un souci du d\u00e9tail et d'un engagement en faveur d'un travail de qualit\u00e9 sup\u00e9rieure. Des vestes impeccablement taill\u00e9es aux pantalons robustes mais raffin\u00e9s, les v\u00eatements Ts(s) d\u00e9gagent un air de sophistication et de qualit\u00e9 intemporelle.<\/p>\n<p>L'un des principaux atouts de Ts(s) r\u00e9side dans son utilisation magistrale de la couleur et de la texture. La marque associe sans effort une palette de couleurs \u00e9clectiques \u00e0 une gamme vari\u00e9e de mat\u00e9riaux, ce qui donne des pi\u00e8ces visuellement frappantes et \u00e0 la texture unique qui attirent l'attention dans n'importe quelle garde-robe.<\/p>\n<p>Qu'il s'agisse d'un blazer structur\u00e9 infus\u00e9 d'\u00e9l\u00e9ments utilitaires ou d'une chemise d\u00e9contract\u00e9e orn\u00e9e d'embellissements inattendus, Ts(s) propose constamment des v\u00eatements qui incarnent la polyvalence, la cr\u00e9ativit\u00e9 et le style sans effort. Chaque pi\u00e8ce sert de toile \u00e0 l'expression de soi, permettant \u00e0 celui qui la porte de s'affirmer tout en embrassant l'\u00e9thique de la marque en mati\u00e8re d'individualit\u00e9 et d'innovation.<\/p>\n<p>&nbsp;<\/p>\n<p>&nbsp;<\/p>\n<p><a href=\"https:\/\/www.instagram.com\/p\/DKNHXsOoRaV\/?img_index=1\">Get inspire by our TS(S) looks on our Instagram<\/a><\/p>","protected":false},"excerpt":{"rendered":"<p>Ts(s) Jacket Shirt YT52LJ01 Blue Color: Blue Oversized silhouette Classic shirt collar Button closure Dropped shoulders Composition: 80% Cotton, 20% Nylon Made in Japan &nbsp; The Ts(s) &#8211; Jacket Shirt YT52LJ01 &#8211; Blue blurs the line between outerwear and shirting with effortless sophistication. Thanks to its tailored shape and subtle structure, it layers easily over&hellip; <a class=\"more-link\" href=\"https:\/\/staging.rendez-vous-store.com\/fr\/shop\/last-pieces-men\/last-pieces-men-coat-jacket-rendez-vous-store\/tss-jacket-shirt-yt52lj01-blue-rendez-vous-store\/\">Continue reading <span class=\"screen-reader-text\">Ts(s) &#8211; Jacket Shirt YT52LJ01 &#8211; Blue<\/span><\/a><\/p>","protected":false},"featured_media":206877,"template":"","meta":{"_acf_changed":false},"product_brand":[],"product_cat":[1291,1137,1150,20,53],"product_tag":[727],"class_list":{"0":"post-206613","1":"product","2":"type-product","3":"status-publish","4":"has-post-thumbnail","6":"product_cat-sale-30","7":"product_cat-last-pieces-men","8":"product_cat-last-pieces-men-coat-jacket-rendez-vous-store","9":"product_cat-men-selection-discover-our-selection-rendez-vous-store","10":"product_cat-jackets-coats-discover-our-selection","11":"product_tag-tss","12":"entry","14":"first","15":"instock","16":"taxable","17":"shipping-taxable","18":"purchasable","19":"product-type-variable"},"acf":[],"yoast_head":"<!-- This site is optimized with the Yoast SEO plugin v24.9 - https:\/\/yoast.com\/wordpress\/plugins\/seo\/ -->\n<title>Ts(s) Jacket Shirt YT52LJ01 Blue<\/title>\n<meta name=\"description\" content=\"This Ts(s) - Jacket Shirt YT52LJ01 - Blue represents blends contemporary style with exceptional comfort. Discover now on Rendez-vous Store.\" \/>\n<meta name=\"robots\" content=\"noindex, follow, max-snippet:-1, max-image-preview:large, max-video-preview:-1\" \/>\n<meta property=\"og:locale\" content=\"fr_FR\" \/>\n<meta property=\"og:type\" content=\"article\" \/>\n<meta property=\"og:title\" content=\"Ts(s) Jacket Shirt YT52LJ01 Blue\" \/>\n<meta property=\"og:description\" content=\"This Ts(s) - Jacket Shirt YT52LJ01 - Blue represents blends contemporary style with exceptional comfort. Discover now on Rendez-vous Store.\" \/>\n<meta property=\"og:url\" content=\"https:\/\/rendez-vous-store.com\/shop\/last-pieces-men\/last-pieces-men-coat-jacket-rendez-vous-store\/tss-jacket-shirt-yt52lj01-blue-rendez-vous-store\/\" \/>\n<meta property=\"og:site_name\" content=\"STAGING RENDEZ-VOUS STORE\" \/>\n<meta property=\"article:modified_time\" content=\"2026-01-21T08:59:35+00:00\" \/>\n<meta property=\"og:image\" content=\"https:\/\/rendez-vous-store.com\/app\/uploads\/2025\/05\/11-6.webp\" \/>\n\t<meta property=\"og:image:width\" content=\"1696\" \/>\n\t<meta property=\"og:image:height\" content=\"2560\" \/>\n\t<meta property=\"og:image:type\" content=\"image\/webp\" \/>\n<meta name=\"twitter:card\" content=\"summary_large_image\" \/>\n<meta name=\"twitter:label1\" content=\"Est. reading time\" \/>\n\t<meta name=\"twitter:data1\" content=\"2 minutes\" \/>\n<script type=\"application\/ld+json\" class=\"yoast-schema-graph\">{\"@context\":\"https:\/\/schema.org\",\"@graph\":[{\"@type\":\"WebPage\",\"@id\":\"https:\/\/rendez-vous-store.com\/shop\/last-pieces-men\/last-pieces-men-coat-jacket-rendez-vous-store\/tss-jacket-shirt-yt52lj01-blue-rendez-vous-store\/\",\"url\":\"https:\/\/rendez-vous-store.com\/shop\/last-pieces-men\/last-pieces-men-coat-jacket-rendez-vous-store\/tss-jacket-shirt-yt52lj01-blue-rendez-vous-store\/\",\"name\":\"Ts(s) Jacket Shirt YT52LJ01 Blue\",\"isPartOf\":{\"@id\":\"https:\/\/rendez-vous-store.com\/#website\"},\"primaryImageOfPage\":{\"@id\":\"https:\/\/rendez-vous-store.com\/shop\/last-pieces-men\/last-pieces-men-coat-jacket-rendez-vous-store\/tss-jacket-shirt-yt52lj01-blue-rendez-vous-store\/#primaryimage\"},\"image\":{\"@id\":\"https:\/\/rendez-vous-store.com\/shop\/last-pieces-men\/last-pieces-men-coat-jacket-rendez-vous-store\/tss-jacket-shirt-yt52lj01-blue-rendez-vous-store\/#primaryimage\"},\"thumbnailUrl\":\"https:\/\/images-store-v2.s3.eu-west-par.io.cloud.ovh.net\/uploads\/2025\/05\/11-6.webp\",\"datePublished\":\"2025-05-27T08:10:05+00:00\",\"dateModified\":\"2026-01-21T08:59:35+00:00\",\"description\":\"This Ts(s) - Jacket Shirt YT52LJ01 - Blue represents blends contemporary style with exceptional comfort. Discover now on Rendez-vous Store.\",\"breadcrumb\":{\"@id\":\"https:\/\/rendez-vous-store.com\/shop\/last-pieces-men\/last-pieces-men-coat-jacket-rendez-vous-store\/tss-jacket-shirt-yt52lj01-blue-rendez-vous-store\/#breadcrumb\"},\"inLanguage\":\"fr-FR\",\"potentialAction\":[{\"@type\":\"ReadAction\",\"target\":[\"https:\/\/rendez-vous-store.com\/shop\/last-pieces-men\/last-pieces-men-coat-jacket-rendez-vous-store\/tss-jacket-shirt-yt52lj01-blue-rendez-vous-store\/\"]}]},{\"@type\":\"ImageObject\",\"inLanguage\":\"fr-FR\",\"@id\":\"https:\/\/rendez-vous-store.com\/shop\/last-pieces-men\/last-pieces-men-coat-jacket-rendez-vous-store\/tss-jacket-shirt-yt52lj01-blue-rendez-vous-store\/#primaryimage\",\"url\":\"https:\/\/images-store-v2.s3.eu-west-par.io.cloud.ovh.net\/uploads\/2025\/05\/11-6.webp\",\"contentUrl\":\"https:\/\/images-store-v2.s3.eu-west-par.io.cloud.ovh.net\/uploads\/2025\/05\/11-6.webp\",\"width\":1696,\"height\":2560},{\"@type\":\"BreadcrumbList\",\"@id\":\"https:\/\/rendez-vous-store.com\/shop\/last-pieces-men\/last-pieces-men-coat-jacket-rendez-vous-store\/tss-jacket-shirt-yt52lj01-blue-rendez-vous-store\/#breadcrumb\",\"itemListElement\":[{\"@type\":\"ListItem\",\"position\":1,\"name\":\"Home\",\"item\":\"https:\/\/rendez-vous-store.com\/\"},{\"@type\":\"ListItem\",\"position\":2,\"name\":\"Shop\",\"item\":\"https:\/\/www.rendez-vous-store.com\/shop\/\"},{\"@type\":\"ListItem\",\"position\":3,\"name\":\"Ts(s) &#8211; Jacket Shirt YT52LJ01 &#8211; Blue\"}]},{\"@type\":\"WebSite\",\"@id\":\"https:\/\/rendez-vous-store.com\/#website\",\"url\":\"https:\/\/rendez-vous-store.com\/\",\"name\":\"STAGING RENDEZ-VOUS STORE\",\"description\":\"Slow Fashion for Women and Men\",\"potentialAction\":[{\"@type\":\"SearchAction\",\"target\":{\"@type\":\"EntryPoint\",\"urlTemplate\":\"https:\/\/rendez-vous-store.com\/?s={search_term_string}\"},\"query-input\":{\"@type\":\"PropertyValueSpecification\",\"valueRequired\":true,\"valueName\":\"search_term_string\"}}],\"inLanguage\":\"fr-FR\"}]}<\/script>\n<!-- \/ Yoast SEO plugin. -->","yoast_head_json":{"title":"Ts(s) Jacket Shirt YT52LJ01 Blue","description":"This Ts(s) - Jacket Shirt YT52LJ01 - Blue represents blends contemporary style with exceptional comfort. Discover now on Rendez-vous Store.","robots":{"index":"noindex","follow":"follow","max-snippet":"max-snippet:-1","max-image-preview":"max-image-preview:large","max-video-preview":"max-video-preview:-1"},"og_locale":"fr_FR","og_type":"article","og_title":"Ts(s) Jacket Shirt YT52LJ01 Blue","og_description":"This Ts(s) - Jacket Shirt YT52LJ01 - Blue represents blends contemporary style with exceptional comfort. Discover now on Rendez-vous Store.","og_url":"https:\/\/rendez-vous-store.com\/shop\/last-pieces-men\/last-pieces-men-coat-jacket-rendez-vous-store\/tss-jacket-shirt-yt52lj01-blue-rendez-vous-store\/","og_site_name":"STAGING RENDEZ-VOUS STORE","article_modified_time":"2026-01-21T08:59:35+00:00","og_image":[{"width":1696,"height":2560,"url":"https:\/\/rendez-vous-store.com\/app\/uploads\/2025\/05\/11-6.webp","type":"image\/webp"}],"twitter_card":"summary_large_image","twitter_misc":{"Est. reading time":"2 minutes"},"schema":{"@context":"https:\/\/schema.org","@graph":[{"@type":"WebPage","@id":"https:\/\/rendez-vous-store.com\/shop\/last-pieces-men\/last-pieces-men-coat-jacket-rendez-vous-store\/tss-jacket-shirt-yt52lj01-blue-rendez-vous-store\/","url":"https:\/\/rendez-vous-store.com\/shop\/last-pieces-men\/last-pieces-men-coat-jacket-rendez-vous-store\/tss-jacket-shirt-yt52lj01-blue-rendez-vous-store\/","name":"Ts(s) Jacket Shirt YT52LJ01 Blue","isPartOf":{"@id":"https:\/\/rendez-vous-store.com\/#website"},"primaryImageOfPage":{"@id":"https:\/\/rendez-vous-store.com\/shop\/last-pieces-men\/last-pieces-men-coat-jacket-rendez-vous-store\/tss-jacket-shirt-yt52lj01-blue-rendez-vous-store\/#primaryimage"},"image":{"@id":"https:\/\/rendez-vous-store.com\/shop\/last-pieces-men\/last-pieces-men-coat-jacket-rendez-vous-store\/tss-jacket-shirt-yt52lj01-blue-rendez-vous-store\/#primaryimage"},"thumbnailUrl":"https:\/\/images-store-v2.s3.eu-west-par.io.cloud.ovh.net\/uploads\/2025\/05\/11-6.webp","datePublished":"2025-05-27T08:10:05+00:00","dateModified":"2026-01-21T08:59:35+00:00","description":"This Ts(s) - Jacket Shirt YT52LJ01 - Blue represents blends contemporary style with exceptional comfort. Discover now on Rendez-vous Store.","breadcrumb":{"@id":"https:\/\/rendez-vous-store.com\/shop\/last-pieces-men\/last-pieces-men-coat-jacket-rendez-vous-store\/tss-jacket-shirt-yt52lj01-blue-rendez-vous-store\/#breadcrumb"},"inLanguage":"fr-FR","potentialAction":[{"@type":"ReadAction","target":["https:\/\/rendez-vous-store.com\/shop\/last-pieces-men\/last-pieces-men-coat-jacket-rendez-vous-store\/tss-jacket-shirt-yt52lj01-blue-rendez-vous-store\/"]}]},{"@type":"ImageObject","inLanguage":"fr-FR","@id":"https:\/\/rendez-vous-store.com\/shop\/last-pieces-men\/last-pieces-men-coat-jacket-rendez-vous-store\/tss-jacket-shirt-yt52lj01-blue-rendez-vous-store\/#primaryimage","url":"https:\/\/images-store-v2.s3.eu-west-par.io.cloud.ovh.net\/uploads\/2025\/05\/11-6.webp","contentUrl":"https:\/\/images-store-v2.s3.eu-west-par.io.cloud.ovh.net\/uploads\/2025\/05\/11-6.webp","width":1696,"height":2560},{"@type":"BreadcrumbList","@id":"https:\/\/rendez-vous-store.com\/shop\/last-pieces-men\/last-pieces-men-coat-jacket-rendez-vous-store\/tss-jacket-shirt-yt52lj01-blue-rendez-vous-store\/#breadcrumb","itemListElement":[{"@type":"ListItem","position":1,"name":"Home","item":"https:\/\/rendez-vous-store.com\/"},{"@type":"ListItem","position":2,"name":"Shop","item":"https:\/\/www.rendez-vous-store.com\/shop\/"},{"@type":"ListItem","position":3,"name":"Ts(s) &#8211; Jacket Shirt YT52LJ01 &#8211; Blue"}]},{"@type":"WebSite","@id":"https:\/\/rendez-vous-store.com\/#website","url":"https:\/\/rendez-vous-store.com\/","name":"STAGING RENDEZ-VOUS STORE","description":"Slow Fashion for Women and Men","potentialAction":[{"@type":"SearchAction","target":{"@type":"EntryPoint","urlTemplate":"https:\/\/rendez-vous-store.com\/?s={search_term_string}"},"query-input":{"@type":"PropertyValueSpecification","valueRequired":true,"valueName":"search_term_string"}}],"inLanguage":"fr-FR"}]}},"_links":{"self":[{"href":"https:\/\/staging.rendez-vous-store.com\/fr\/wp-json\/wp\/v2\/product\/206613","targetHints":{"allow":["GET"]}}],"collection":[{"href":"https:\/\/staging.rendez-vous-store.com\/fr\/wp-json\/wp\/v2\/product"}],"about":[{"href":"https:\/\/staging.rendez-vous-store.com\/fr\/wp-json\/wp\/v2\/types\/product"}],"wp:featuredmedia":[{"embeddable":true,"href":"https:\/\/staging.rendez-vous-store.com\/fr\/wp-json\/wp\/v2\/media\/206877"}],"wp:attachment":[{"href":"https:\/\/staging.rendez-vous-store.com\/fr\/wp-json\/wp\/v2\/media?parent=206613"}],"wp:term":[{"taxonomy":"product_brand","embeddable":true,"href":"https:\/\/staging.rendez-vous-store.com\/fr\/wp-json\/wp\/v2\/product_brand?post=206613"},{"taxonomy":"product_cat","embeddable":true,"href":"https:\/\/staging.rendez-vous-store.com\/fr\/wp-json\/wp\/v2\/product_cat?post=206613"},{"taxonomy":"product_tag","embeddable":true,"href":"https:\/\/staging.rendez-vous-store.com\/fr\/wp-json\/wp\/v2\/product_tag?post=206613"}],"curies":[{"name":"wp","href":"https:\/\/api.w.org\/{rel}","templated":true}]}}