{"id":207103,"date":"2025-06-05T09:55:41","date_gmt":"2025-06-05T07:55:41","guid":{"rendered":"https:\/\/staging.rendez-vous-store.com\/?post_type=product&#038;p=207103"},"modified":"2025-11-01T16:59:04","modified_gmt":"2025-11-01T15:59:04","slug":"ciota-baggy-5-pockets-pants-ptlm-25bg-pidbl-d-dark-blue-damage-rendez-vous-store","status":"publish","type":"product","link":"https:\/\/staging.rendez-vous-store.com\/fr\/shop\/men-selection-discover-our-selection-rendez-vous-store\/trousers-shorts-rendez-vous-store\/ciota-baggy-5-pockets-pants-ptlm-25bg-pidbl-d-dark-blue-damage-rendez-vous-store\/","title":{"rendered":"CIOTA &#8211; Baggy 5 Pockets Pants PTLM-25BG-PIDBL-D &#8211; Dark Blue Damage"},"content":{"rendered":"<p><strong>CIOTA Baggy 5 Pockets Pants PTLM-25BG-PIDBL-D Dark Blue Damage<\/strong><\/p>\n<p>Couleur : Bleu fonc\u00e9<\/p>\n<p>Composition : 100% Coton<\/p>\n<p>Silhouette d\u00e9contract\u00e9e<\/p>\n<p>Jambes larges<\/p>\n<p>Fermeture \u00e0 boutons et \u00e0 glissi\u00e8re<\/p>\n<p>2 poches avant<\/p>\n<p>2 poches arri\u00e8re plaqu\u00e9es<\/p>\n<p>Fabriqu\u00e9 au Japon<\/p>\n<p>&nbsp;<\/p>\n<p data-start=\"201\" data-end=\"447\">The CIOTA Baggy 5 Pockets Pants PTLM-25BG-PIDBL-D in Dark Blue Damage reinterpret classic denim through the brand\u2019s refined lens. Made in Japan from rare cotton, they feel soft yet sturdy, offering long-lasting comfort and quality.<\/p>\n<p data-start=\"449\" data-end=\"668\">CIOTA cuts these jeans in a relaxed, baggy silhouette that sits comfortably at the waist and falls naturally through the leg. The dark blue wash with subtle damage detailing adds character without compromising elegance.<\/p>\n<p data-start=\"670\" data-end=\"1015\" data-is-last-node=\"\" data-is-only-node=\"\">These jeans pair effortlessly with everything from oversized shirting to minimalist outerwear. With their balance of durability and elevated style, they\u2019re built for daily wear with lasting impact.<\/p>\n<p>&nbsp;<\/p>\n<p>&nbsp;<\/p>\n<p><strong>Les mesures :\u00a0<\/strong><\/p>\n<p>Size L: Waist: 40cm, Hip: 65cm, Thigh: 36cm, Inseam: 80cm, Length: 108cm<\/p>\n<p>Size XL: Waist: 42cm, Hip: 68cm, Thigh: 38cm, Inseam: 83cm, Length: 108cm<\/p>\n<p>&nbsp;<\/p>\n<p><a href=\"https:\/\/staging.rendez-vous-store.com\/fr\/shop\/men-selection-discover-our-selection-rendez-vous-store\/jackets-coats-discover-our-selection\/ciota-4-pockets-denim-jacket-jklm-306-pidbl-d-dark-blue-damage-rendez-vous-store\/\">Complete the look<\/a><\/p>\n<p>&nbsp;<\/p>\n<p>&nbsp;<\/p>\n<p><strong>La marque<\/strong><\/p>\n<p>CIOTA creates clothing with purpose and precision. Every piece starts with rare, ultra-soft Suvin cotton. They design, weave, and sew everything in-house in Okayama, Japan.<\/p>\n<p>Their focus isn\u2019t trends, but timeless quality.<br data-start=\"364\" data-end=\"367\" \/>The fabric leads the design, not the other way around. Each garment feels refined, familiar, and quietly luxurious.<\/p>\n<p>CIOTA celebrates materials through understated silhouettes. Their cuts are precise, the touch is unique. From denim to tailoring, every item reflects care and craftsmanship. CIOTA makes simplicity feel elevated.<\/p>\n<p>&nbsp;<\/p>\n<p>&nbsp;<\/p>\n<p><a href=\"https:\/\/www.instagram.com\/p\/DKh5ltjupot\/?img_index=1\">Get inspire by our CIOTA looks on our Instagram<\/a><\/p>","protected":false},"excerpt":{"rendered":"<p>CIOTA Baggy 5 Pockets Pants PTLM-25BG-PIDBL-D Dark Blue Damage Color: Dark Blue Composition: 100% Cotton Relaxed silhouette Wide legs Button and zip closure 2 front pockets 2 back patch pockets Made in Japan &nbsp; The CIOTA Baggy 5 Pockets Pants PTLM-25BG-PIDBL-D in Dark Blue Damage reinterpret classic denim through the brand\u2019s refined lens. Made in&hellip; <a class=\"more-link\" href=\"https:\/\/staging.rendez-vous-store.com\/fr\/shop\/men-selection-discover-our-selection-rendez-vous-store\/trousers-shorts-rendez-vous-store\/ciota-baggy-5-pockets-pants-ptlm-25bg-pidbl-d-dark-blue-damage-rendez-vous-store\/\">Continue reading <span class=\"screen-reader-text\">CIOTA &#8211; Baggy 5 Pockets Pants PTLM-25BG-PIDBL-D &#8211; Dark Blue Damage<\/span><\/a><\/p>","protected":false},"featured_media":207230,"template":"","meta":{"_acf_changed":false},"product_brand":[],"product_cat":[20,73],"product_tag":[1436],"class_list":{"0":"post-207103","1":"product","2":"type-product","3":"status-publish","4":"has-post-thumbnail","6":"product_cat-men-selection-discover-our-selection-rendez-vous-store","7":"product_cat-trousers-shorts-rendez-vous-store","8":"product_tag-ciota-rendez-vous-store","9":"entry","11":"first","12":"outofstock","13":"taxable","14":"shipping-taxable","15":"product-type-variable"},"acf":[],"yoast_head":"<!-- This site is optimized with the Yoast SEO plugin v24.9 - https:\/\/yoast.com\/wordpress\/plugins\/seo\/ -->\n<title>CIOTA Baggy 5 Pockets Pants Dark Blue Damage<\/title>\n<meta name=\"description\" content=\"CIOTA celebrates materials through understated silhouettes. This CIOTA - Baggy 5 Pockets Pants PTLM-25BG-PIDBL-D - Dark Blue Damage is unique. Discover now.\" \/>\n<meta name=\"robots\" content=\"noindex, follow, max-snippet:-1, max-image-preview:large, max-video-preview:-1\" \/>\n<meta property=\"og:locale\" content=\"fr_FR\" \/>\n<meta property=\"og:type\" content=\"article\" \/>\n<meta property=\"og:title\" content=\"CIOTA Baggy 5 Pockets Pants Dark Blue Damage\" \/>\n<meta property=\"og:description\" content=\"CIOTA celebrates materials through understated silhouettes. This CIOTA - Baggy 5 Pockets Pants PTLM-25BG-PIDBL-D - Dark Blue Damage is unique. Discover now.\" \/>\n<meta property=\"og:url\" content=\"https:\/\/rendez-vous-store.com\/shop\/men-selection-discover-our-selection-rendez-vous-store\/trousers-shorts-rendez-vous-store\/ciota-baggy-5-pockets-pants-ptlm-25bg-pidbl-d-dark-blue-damage-rendez-vous-store\/\" \/>\n<meta property=\"og:site_name\" content=\"STAGING RENDEZ-VOUS STORE\" \/>\n<meta property=\"article:modified_time\" content=\"2025-11-01T15:59:04+00:00\" \/>\n<meta property=\"og:image\" content=\"https:\/\/rendez-vous-store.com\/app\/uploads\/2025\/06\/21.webp\" \/>\n\t<meta property=\"og:image:width\" content=\"1696\" \/>\n\t<meta property=\"og:image:height\" content=\"2560\" \/>\n\t<meta property=\"og:image:type\" content=\"image\/webp\" \/>\n<meta name=\"twitter:card\" content=\"summary_large_image\" \/>\n<meta name=\"twitter:label1\" content=\"Est. reading time\" \/>\n\t<meta name=\"twitter:data1\" content=\"2 minutes\" \/>\n<script type=\"application\/ld+json\" class=\"yoast-schema-graph\">{\"@context\":\"https:\/\/schema.org\",\"@graph\":[{\"@type\":\"WebPage\",\"@id\":\"https:\/\/rendez-vous-store.com\/shop\/men-selection-discover-our-selection-rendez-vous-store\/trousers-shorts-rendez-vous-store\/ciota-baggy-5-pockets-pants-ptlm-25bg-pidbl-d-dark-blue-damage-rendez-vous-store\/\",\"url\":\"https:\/\/rendez-vous-store.com\/shop\/men-selection-discover-our-selection-rendez-vous-store\/trousers-shorts-rendez-vous-store\/ciota-baggy-5-pockets-pants-ptlm-25bg-pidbl-d-dark-blue-damage-rendez-vous-store\/\",\"name\":\"CIOTA Baggy 5 Pockets Pants Dark Blue Damage\",\"isPartOf\":{\"@id\":\"https:\/\/rendez-vous-store.com\/#website\"},\"primaryImageOfPage\":{\"@id\":\"https:\/\/rendez-vous-store.com\/shop\/men-selection-discover-our-selection-rendez-vous-store\/trousers-shorts-rendez-vous-store\/ciota-baggy-5-pockets-pants-ptlm-25bg-pidbl-d-dark-blue-damage-rendez-vous-store\/#primaryimage\"},\"image\":{\"@id\":\"https:\/\/rendez-vous-store.com\/shop\/men-selection-discover-our-selection-rendez-vous-store\/trousers-shorts-rendez-vous-store\/ciota-baggy-5-pockets-pants-ptlm-25bg-pidbl-d-dark-blue-damage-rendez-vous-store\/#primaryimage\"},\"thumbnailUrl\":\"https:\/\/images-store-v2.s3.eu-west-par.io.cloud.ovh.net\/uploads\/2025\/06\/21.webp\",\"datePublished\":\"2025-06-05T07:55:41+00:00\",\"dateModified\":\"2025-11-01T15:59:04+00:00\",\"description\":\"CIOTA celebrates materials through understated silhouettes. This CIOTA - Baggy 5 Pockets Pants PTLM-25BG-PIDBL-D - Dark Blue Damage is unique. Discover now.\",\"breadcrumb\":{\"@id\":\"https:\/\/rendez-vous-store.com\/shop\/men-selection-discover-our-selection-rendez-vous-store\/trousers-shorts-rendez-vous-store\/ciota-baggy-5-pockets-pants-ptlm-25bg-pidbl-d-dark-blue-damage-rendez-vous-store\/#breadcrumb\"},\"inLanguage\":\"fr-FR\",\"potentialAction\":[{\"@type\":\"ReadAction\",\"target\":[\"https:\/\/rendez-vous-store.com\/shop\/men-selection-discover-our-selection-rendez-vous-store\/trousers-shorts-rendez-vous-store\/ciota-baggy-5-pockets-pants-ptlm-25bg-pidbl-d-dark-blue-damage-rendez-vous-store\/\"]}]},{\"@type\":\"ImageObject\",\"inLanguage\":\"fr-FR\",\"@id\":\"https:\/\/rendez-vous-store.com\/shop\/men-selection-discover-our-selection-rendez-vous-store\/trousers-shorts-rendez-vous-store\/ciota-baggy-5-pockets-pants-ptlm-25bg-pidbl-d-dark-blue-damage-rendez-vous-store\/#primaryimage\",\"url\":\"https:\/\/images-store-v2.s3.eu-west-par.io.cloud.ovh.net\/uploads\/2025\/06\/21.webp\",\"contentUrl\":\"https:\/\/images-store-v2.s3.eu-west-par.io.cloud.ovh.net\/uploads\/2025\/06\/21.webp\",\"width\":1696,\"height\":2560},{\"@type\":\"BreadcrumbList\",\"@id\":\"https:\/\/rendez-vous-store.com\/shop\/men-selection-discover-our-selection-rendez-vous-store\/trousers-shorts-rendez-vous-store\/ciota-baggy-5-pockets-pants-ptlm-25bg-pidbl-d-dark-blue-damage-rendez-vous-store\/#breadcrumb\",\"itemListElement\":[{\"@type\":\"ListItem\",\"position\":1,\"name\":\"Home\",\"item\":\"https:\/\/rendez-vous-store.com\/\"},{\"@type\":\"ListItem\",\"position\":2,\"name\":\"Shop\",\"item\":\"https:\/\/www.rendez-vous-store.com\/shop\/\"},{\"@type\":\"ListItem\",\"position\":3,\"name\":\"CIOTA &#8211; Baggy 5 Pockets Pants PTLM-25BG-PIDBL-D &#8211; Dark Blue Damage\"}]},{\"@type\":\"WebSite\",\"@id\":\"https:\/\/rendez-vous-store.com\/#website\",\"url\":\"https:\/\/rendez-vous-store.com\/\",\"name\":\"STAGING RENDEZ-VOUS STORE\",\"description\":\"Slow Fashion for Women and Men\",\"potentialAction\":[{\"@type\":\"SearchAction\",\"target\":{\"@type\":\"EntryPoint\",\"urlTemplate\":\"https:\/\/rendez-vous-store.com\/?s={search_term_string}\"},\"query-input\":{\"@type\":\"PropertyValueSpecification\",\"valueRequired\":true,\"valueName\":\"search_term_string\"}}],\"inLanguage\":\"fr-FR\"}]}<\/script>\n<!-- \/ Yoast SEO plugin. -->","yoast_head_json":{"title":"CIOTA Baggy 5 Pockets Pants Dark Blue Damage","description":"CIOTA celebrates materials through understated silhouettes. This CIOTA - Baggy 5 Pockets Pants PTLM-25BG-PIDBL-D - Dark Blue Damage is unique. Discover now.","robots":{"index":"noindex","follow":"follow","max-snippet":"max-snippet:-1","max-image-preview":"max-image-preview:large","max-video-preview":"max-video-preview:-1"},"og_locale":"fr_FR","og_type":"article","og_title":"CIOTA Baggy 5 Pockets Pants Dark Blue Damage","og_description":"CIOTA celebrates materials through understated silhouettes. This CIOTA - Baggy 5 Pockets Pants PTLM-25BG-PIDBL-D - Dark Blue Damage is unique. Discover now.","og_url":"https:\/\/rendez-vous-store.com\/shop\/men-selection-discover-our-selection-rendez-vous-store\/trousers-shorts-rendez-vous-store\/ciota-baggy-5-pockets-pants-ptlm-25bg-pidbl-d-dark-blue-damage-rendez-vous-store\/","og_site_name":"STAGING RENDEZ-VOUS STORE","article_modified_time":"2025-11-01T15:59:04+00:00","og_image":[{"width":1696,"height":2560,"url":"https:\/\/rendez-vous-store.com\/app\/uploads\/2025\/06\/21.webp","type":"image\/webp"}],"twitter_card":"summary_large_image","twitter_misc":{"Est. reading time":"2 minutes"},"schema":{"@context":"https:\/\/schema.org","@graph":[{"@type":"WebPage","@id":"https:\/\/rendez-vous-store.com\/shop\/men-selection-discover-our-selection-rendez-vous-store\/trousers-shorts-rendez-vous-store\/ciota-baggy-5-pockets-pants-ptlm-25bg-pidbl-d-dark-blue-damage-rendez-vous-store\/","url":"https:\/\/rendez-vous-store.com\/shop\/men-selection-discover-our-selection-rendez-vous-store\/trousers-shorts-rendez-vous-store\/ciota-baggy-5-pockets-pants-ptlm-25bg-pidbl-d-dark-blue-damage-rendez-vous-store\/","name":"CIOTA Baggy 5 Pockets Pants Dark Blue Damage","isPartOf":{"@id":"https:\/\/rendez-vous-store.com\/#website"},"primaryImageOfPage":{"@id":"https:\/\/rendez-vous-store.com\/shop\/men-selection-discover-our-selection-rendez-vous-store\/trousers-shorts-rendez-vous-store\/ciota-baggy-5-pockets-pants-ptlm-25bg-pidbl-d-dark-blue-damage-rendez-vous-store\/#primaryimage"},"image":{"@id":"https:\/\/rendez-vous-store.com\/shop\/men-selection-discover-our-selection-rendez-vous-store\/trousers-shorts-rendez-vous-store\/ciota-baggy-5-pockets-pants-ptlm-25bg-pidbl-d-dark-blue-damage-rendez-vous-store\/#primaryimage"},"thumbnailUrl":"https:\/\/images-store-v2.s3.eu-west-par.io.cloud.ovh.net\/uploads\/2025\/06\/21.webp","datePublished":"2025-06-05T07:55:41+00:00","dateModified":"2025-11-01T15:59:04+00:00","description":"CIOTA celebrates materials through understated silhouettes. This CIOTA - Baggy 5 Pockets Pants PTLM-25BG-PIDBL-D - Dark Blue Damage is unique. Discover now.","breadcrumb":{"@id":"https:\/\/rendez-vous-store.com\/shop\/men-selection-discover-our-selection-rendez-vous-store\/trousers-shorts-rendez-vous-store\/ciota-baggy-5-pockets-pants-ptlm-25bg-pidbl-d-dark-blue-damage-rendez-vous-store\/#breadcrumb"},"inLanguage":"fr-FR","potentialAction":[{"@type":"ReadAction","target":["https:\/\/rendez-vous-store.com\/shop\/men-selection-discover-our-selection-rendez-vous-store\/trousers-shorts-rendez-vous-store\/ciota-baggy-5-pockets-pants-ptlm-25bg-pidbl-d-dark-blue-damage-rendez-vous-store\/"]}]},{"@type":"ImageObject","inLanguage":"fr-FR","@id":"https:\/\/rendez-vous-store.com\/shop\/men-selection-discover-our-selection-rendez-vous-store\/trousers-shorts-rendez-vous-store\/ciota-baggy-5-pockets-pants-ptlm-25bg-pidbl-d-dark-blue-damage-rendez-vous-store\/#primaryimage","url":"https:\/\/images-store-v2.s3.eu-west-par.io.cloud.ovh.net\/uploads\/2025\/06\/21.webp","contentUrl":"https:\/\/images-store-v2.s3.eu-west-par.io.cloud.ovh.net\/uploads\/2025\/06\/21.webp","width":1696,"height":2560},{"@type":"BreadcrumbList","@id":"https:\/\/rendez-vous-store.com\/shop\/men-selection-discover-our-selection-rendez-vous-store\/trousers-shorts-rendez-vous-store\/ciota-baggy-5-pockets-pants-ptlm-25bg-pidbl-d-dark-blue-damage-rendez-vous-store\/#breadcrumb","itemListElement":[{"@type":"ListItem","position":1,"name":"Home","item":"https:\/\/rendez-vous-store.com\/"},{"@type":"ListItem","position":2,"name":"Shop","item":"https:\/\/www.rendez-vous-store.com\/shop\/"},{"@type":"ListItem","position":3,"name":"CIOTA &#8211; Baggy 5 Pockets Pants PTLM-25BG-PIDBL-D &#8211; Dark Blue Damage"}]},{"@type":"WebSite","@id":"https:\/\/rendez-vous-store.com\/#website","url":"https:\/\/rendez-vous-store.com\/","name":"STAGING RENDEZ-VOUS STORE","description":"Slow Fashion for Women and Men","potentialAction":[{"@type":"SearchAction","target":{"@type":"EntryPoint","urlTemplate":"https:\/\/rendez-vous-store.com\/?s={search_term_string}"},"query-input":{"@type":"PropertyValueSpecification","valueRequired":true,"valueName":"search_term_string"}}],"inLanguage":"fr-FR"}]}},"_links":{"self":[{"href":"https:\/\/staging.rendez-vous-store.com\/fr\/wp-json\/wp\/v2\/product\/207103","targetHints":{"allow":["GET"]}}],"collection":[{"href":"https:\/\/staging.rendez-vous-store.com\/fr\/wp-json\/wp\/v2\/product"}],"about":[{"href":"https:\/\/staging.rendez-vous-store.com\/fr\/wp-json\/wp\/v2\/types\/product"}],"wp:featuredmedia":[{"embeddable":true,"href":"https:\/\/staging.rendez-vous-store.com\/fr\/wp-json\/wp\/v2\/media\/207230"}],"wp:attachment":[{"href":"https:\/\/staging.rendez-vous-store.com\/fr\/wp-json\/wp\/v2\/media?parent=207103"}],"wp:term":[{"taxonomy":"product_brand","embeddable":true,"href":"https:\/\/staging.rendez-vous-store.com\/fr\/wp-json\/wp\/v2\/product_brand?post=207103"},{"taxonomy":"product_cat","embeddable":true,"href":"https:\/\/staging.rendez-vous-store.com\/fr\/wp-json\/wp\/v2\/product_cat?post=207103"},{"taxonomy":"product_tag","embeddable":true,"href":"https:\/\/staging.rendez-vous-store.com\/fr\/wp-json\/wp\/v2\/product_tag?post=207103"}],"curies":[{"name":"wp","href":"https:\/\/api.w.org\/{rel}","templated":true}]}}