{"id":211445,"date":"2025-08-25T15:35:25","date_gmt":"2025-08-25T13:35:25","guid":{"rendered":"https:\/\/staging.rendez-vous-store.com\/?post_type=product&#038;p=211445"},"modified":"2026-02-04T17:41:03","modified_gmt":"2026-02-04T16:41:03","slug":"sage-de-cret-5oz-uneven-yarn-denim-shirt-jacket-31-50-6210-navy-rendez-vous-store","status":"publish","type":"product","link":"https:\/\/staging.rendez-vous-store.com\/fr\/shop\/special-offer-men-rendez-vous-store\/men-coat-and-jacket-special-offer\/sage-de-cret-5oz-uneven-yarn-denim-shirt-jacket-31-50-6210-navy-rendez-vous-store\/","title":{"rendered":"Sage De Cret \u2013 Veste chemise en denim \u00e0 fils 5 oz 31-50-6210 \u2013 Bleu marine"},"content":{"rendered":"<p><strong>Sage De Cret Veste chemise en denim \u00e0 fils 5 oz 31-50-6210 Bleu marine<\/strong><\/p>\n<p>Couleur: Bleu marine<\/p>\n<p>Coupe d\u00e9contract\u00e9e<\/p>\n<p>Col chemise classique<\/p>\n<p>Fermeture par bouton<\/p>\n<p>Manches longues<\/p>\n<p>\u00c9paules tombantes<\/p>\n<p>2 poches plaqu\u00e9es sur le devant<\/p>\n<p>Coutures visibles<\/p>\n<p>Composition : 100% Coton<\/p>\n<p>Fabriqu\u00e9 au Japon<\/p>\n<p>&nbsp;<\/p>\n<p>&nbsp;<\/p>\n<p>&nbsp;<\/p>\n<p>&nbsp;<\/p>\n<p>&nbsp;<\/p>\n<p><strong>La marque<\/strong><\/p>\n<div class=\"flex-shrink-0 flex flex-col relative items-end\">\n<div>\n<div class=\"pt-0\">\n<div class=\"gizmo-bot-avatar flex h-8 w-8 items-center justify-center overflow-hidden rounded-full\">\n<div class=\"relative p-1 rounded-sm flex items-center justify-center bg-token-main-surface-primary text-token-text-primary h-8 w-8\">Sage de Cret est une marque japonaise qui utilise les codes du v\u00eatement de travail pour cr\u00e9er une ligne de design moderne. La marque met l'accent sur l'importance des d\u00e9tails du v\u00eatement et le choix des tissus. L'ensemble de la collection est produit au Japon.<\/div>\n<\/div>\n<\/div>\n<\/div>\n<\/div>\n<div class=\"group\/conversation-turn relative flex w-full min-w-0 flex-col agent-turn\">\n<div class=\"flex-col gap-1 md:gap-3\">\n<div class=\"flex max-w-full flex-col flex-grow\">\n<div class=\"min-h-8 text-message flex w-full flex-col items-end gap-2 whitespace-normal break-words [.text-message+&amp;]:mt-5\" dir=\"auto\" data-message-author-role=\"assistant\" data-message-id=\"9a589af8-966b-425d-8c97-a78852c0f330\">\n<div class=\"flex w-full flex-col gap-1 empty:hidden first:pt-[3px]\">\n<div class=\"markdown prose w-full break-words dark:prose-invert light\">\n<p>Sage de Cret met en valeur les lignes sophistiqu\u00e9es des silhouettes, les tissus teints dans des couleurs profondes et les contrastes de couleurs et de textures dans les doublures, les accessoires et les coutures.<\/p>\n<\/div>\n<\/div>\n<\/div>\n<\/div>\n<\/div>\n<\/div>","protected":false},"excerpt":{"rendered":"<p>Sage De Cret 5OZ Uneven Yarn Denim Shirt Jacket 31-50-6210 Navy Color: Navy Denim Relaxed fit Classic shirt collar Button closure Long sleeves Dropped shoulders 2 front patch pockets Visible seams Composition: 100% Cotton Made in Japan &nbsp; &nbsp; &nbsp; &nbsp; &nbsp; The brand Sage de Cret is a Japanese brand that uses workwear garment&hellip; <a class=\"more-link\" href=\"https:\/\/staging.rendez-vous-store.com\/fr\/shop\/special-offer-men-rendez-vous-store\/men-coat-and-jacket-special-offer\/sage-de-cret-5oz-uneven-yarn-denim-shirt-jacket-31-50-6210-navy-rendez-vous-store\/\">Continue reading <span class=\"screen-reader-text\">Sage De Cret \u2013 Veste chemise en denim \u00e0 fils 5 oz 31-50-6210 \u2013 Bleu marine<\/span><\/a><\/p>","protected":false},"featured_media":212640,"template":"","meta":{"_acf_changed":false},"product_brand":[],"product_cat":[1292,1353,1350,20,53],"product_tag":[703],"class_list":{"0":"post-211445","1":"product","2":"type-product","3":"status-publish","4":"has-post-thumbnail","6":"product_cat-1292","7":"product_cat-men-coat-and-jacket-special-offer","8":"product_cat-special-offer-men-rendez-vous-store","9":"product_cat-men-selection-discover-our-selection-rendez-vous-store","10":"product_cat-jackets-coats-discover-our-selection","11":"product_tag-sage-de-cret","12":"entry","14":"first","15":"instock","16":"taxable","17":"shipping-taxable","18":"purchasable","19":"product-type-variable"},"acf":[],"yoast_head":"<!-- This site is optimized with the Yoast SEO plugin v24.9 - https:\/\/yoast.com\/wordpress\/plugins\/seo\/ -->\n<title>Sage De Cret 5OZ Uneven Yarn Denim Shirt Jacket Navy<\/title>\n<meta name=\"description\" content=\"This Sage De Cret - 5OZ Uneven Yarn Denim Shirt Jacket 31-50-6210 - Navy combine a variety of traditional dyeing and advanced techniques. Discover now.\" \/>\n<meta name=\"robots\" content=\"noindex, follow, max-snippet:-1, max-image-preview:large, max-video-preview:-1\" \/>\n<meta property=\"og:locale\" content=\"fr_FR\" \/>\n<meta property=\"og:type\" content=\"article\" \/>\n<meta property=\"og:title\" content=\"Sage De Cret 5OZ Uneven Yarn Denim Shirt Jacket Navy\" \/>\n<meta property=\"og:description\" content=\"This Sage De Cret - 5OZ Uneven Yarn Denim Shirt Jacket 31-50-6210 - Navy combine a variety of traditional dyeing and advanced techniques. Discover now.\" \/>\n<meta property=\"og:url\" content=\"https:\/\/rendez-vous-store.com\/shop\/special-offer-men-rendez-vous-store\/men-coat-and-jacket-special-offer\/sage-de-cret-5oz-uneven-yarn-denim-shirt-jacket-31-50-6210-navy-rendez-vous-store\/\" \/>\n<meta property=\"og:site_name\" content=\"STAGING RENDEZ-VOUS STORE\" \/>\n<meta property=\"article:modified_time\" content=\"2026-02-04T16:41:03+00:00\" \/>\n<meta property=\"og:image\" content=\"https:\/\/rendez-vous-store.com\/app\/uploads\/2025\/08\/IMG_3388_11zon-scaled.webp\" \/>\n\t<meta property=\"og:image:width\" content=\"1707\" \/>\n\t<meta property=\"og:image:height\" content=\"2560\" \/>\n\t<meta property=\"og:image:type\" content=\"image\/webp\" \/>\n<meta name=\"twitter:card\" content=\"summary_large_image\" \/>\n<meta name=\"twitter:label1\" content=\"Est. reading time\" \/>\n\t<meta name=\"twitter:data1\" content=\"1 minute\" \/>\n<script type=\"application\/ld+json\" class=\"yoast-schema-graph\">{\"@context\":\"https:\/\/schema.org\",\"@graph\":[{\"@type\":\"WebPage\",\"@id\":\"https:\/\/rendez-vous-store.com\/shop\/special-offer-men-rendez-vous-store\/men-coat-and-jacket-special-offer\/sage-de-cret-5oz-uneven-yarn-denim-shirt-jacket-31-50-6210-navy-rendez-vous-store\/\",\"url\":\"https:\/\/rendez-vous-store.com\/shop\/special-offer-men-rendez-vous-store\/men-coat-and-jacket-special-offer\/sage-de-cret-5oz-uneven-yarn-denim-shirt-jacket-31-50-6210-navy-rendez-vous-store\/\",\"name\":\"Sage De Cret 5OZ Uneven Yarn Denim Shirt Jacket Navy\",\"isPartOf\":{\"@id\":\"https:\/\/rendez-vous-store.com\/#website\"},\"primaryImageOfPage\":{\"@id\":\"https:\/\/rendez-vous-store.com\/shop\/special-offer-men-rendez-vous-store\/men-coat-and-jacket-special-offer\/sage-de-cret-5oz-uneven-yarn-denim-shirt-jacket-31-50-6210-navy-rendez-vous-store\/#primaryimage\"},\"image\":{\"@id\":\"https:\/\/rendez-vous-store.com\/shop\/special-offer-men-rendez-vous-store\/men-coat-and-jacket-special-offer\/sage-de-cret-5oz-uneven-yarn-denim-shirt-jacket-31-50-6210-navy-rendez-vous-store\/#primaryimage\"},\"thumbnailUrl\":\"https:\/\/images-store-v2.s3.eu-west-par.io.cloud.ovh.net\/uploads\/2025\/08\/IMG_3388_11zon-scaled.webp\",\"datePublished\":\"2025-08-25T13:35:25+00:00\",\"dateModified\":\"2026-02-04T16:41:03+00:00\",\"description\":\"This Sage De Cret - 5OZ Uneven Yarn Denim Shirt Jacket 31-50-6210 - Navy combine a variety of traditional dyeing and advanced techniques. Discover now.\",\"breadcrumb\":{\"@id\":\"https:\/\/rendez-vous-store.com\/shop\/special-offer-men-rendez-vous-store\/men-coat-and-jacket-special-offer\/sage-de-cret-5oz-uneven-yarn-denim-shirt-jacket-31-50-6210-navy-rendez-vous-store\/#breadcrumb\"},\"inLanguage\":\"fr-FR\",\"potentialAction\":[{\"@type\":\"ReadAction\",\"target\":[\"https:\/\/rendez-vous-store.com\/shop\/special-offer-men-rendez-vous-store\/men-coat-and-jacket-special-offer\/sage-de-cret-5oz-uneven-yarn-denim-shirt-jacket-31-50-6210-navy-rendez-vous-store\/\"]}]},{\"@type\":\"ImageObject\",\"inLanguage\":\"fr-FR\",\"@id\":\"https:\/\/rendez-vous-store.com\/shop\/special-offer-men-rendez-vous-store\/men-coat-and-jacket-special-offer\/sage-de-cret-5oz-uneven-yarn-denim-shirt-jacket-31-50-6210-navy-rendez-vous-store\/#primaryimage\",\"url\":\"https:\/\/images-store-v2.s3.eu-west-par.io.cloud.ovh.net\/uploads\/2025\/08\/IMG_3388_11zon-scaled.webp\",\"contentUrl\":\"https:\/\/images-store-v2.s3.eu-west-par.io.cloud.ovh.net\/uploads\/2025\/08\/IMG_3388_11zon-scaled.webp\",\"width\":1707,\"height\":2560,\"caption\":\"Sage De Cret - 5OZ Uneven Yarn Denim Shirt Jacket 31-50-6210 - Navy\"},{\"@type\":\"BreadcrumbList\",\"@id\":\"https:\/\/rendez-vous-store.com\/shop\/special-offer-men-rendez-vous-store\/men-coat-and-jacket-special-offer\/sage-de-cret-5oz-uneven-yarn-denim-shirt-jacket-31-50-6210-navy-rendez-vous-store\/#breadcrumb\",\"itemListElement\":[{\"@type\":\"ListItem\",\"position\":1,\"name\":\"Home\",\"item\":\"https:\/\/rendez-vous-store.com\/\"},{\"@type\":\"ListItem\",\"position\":2,\"name\":\"Shop\",\"item\":\"https:\/\/www.rendez-vous-store.com\/shop\/\"},{\"@type\":\"ListItem\",\"position\":3,\"name\":\"Sage De Cret &#8211; 5OZ Uneven Yarn Denim Shirt Jacket 31-50-6210 &#8211; Navy\"}]},{\"@type\":\"WebSite\",\"@id\":\"https:\/\/rendez-vous-store.com\/#website\",\"url\":\"https:\/\/rendez-vous-store.com\/\",\"name\":\"STAGING RENDEZ-VOUS STORE\",\"description\":\"Slow Fashion for Women and Men\",\"potentialAction\":[{\"@type\":\"SearchAction\",\"target\":{\"@type\":\"EntryPoint\",\"urlTemplate\":\"https:\/\/rendez-vous-store.com\/?s={search_term_string}\"},\"query-input\":{\"@type\":\"PropertyValueSpecification\",\"valueRequired\":true,\"valueName\":\"search_term_string\"}}],\"inLanguage\":\"fr-FR\"}]}<\/script>\n<!-- \/ Yoast SEO plugin. -->","yoast_head_json":{"title":"Sage De Cret 5OZ Uneven Yarn Denim Shirt Jacket Navy","description":"This Sage De Cret - 5OZ Uneven Yarn Denim Shirt Jacket 31-50-6210 - Navy combine a variety of traditional dyeing and advanced techniques. Discover now.","robots":{"index":"noindex","follow":"follow","max-snippet":"max-snippet:-1","max-image-preview":"max-image-preview:large","max-video-preview":"max-video-preview:-1"},"og_locale":"fr_FR","og_type":"article","og_title":"Sage De Cret 5OZ Uneven Yarn Denim Shirt Jacket Navy","og_description":"This Sage De Cret - 5OZ Uneven Yarn Denim Shirt Jacket 31-50-6210 - Navy combine a variety of traditional dyeing and advanced techniques. Discover now.","og_url":"https:\/\/rendez-vous-store.com\/shop\/special-offer-men-rendez-vous-store\/men-coat-and-jacket-special-offer\/sage-de-cret-5oz-uneven-yarn-denim-shirt-jacket-31-50-6210-navy-rendez-vous-store\/","og_site_name":"STAGING RENDEZ-VOUS STORE","article_modified_time":"2026-02-04T16:41:03+00:00","og_image":[{"width":1707,"height":2560,"url":"https:\/\/rendez-vous-store.com\/app\/uploads\/2025\/08\/IMG_3388_11zon-scaled.webp","type":"image\/webp"}],"twitter_card":"summary_large_image","twitter_misc":{"Est. reading time":"1 minute"},"schema":{"@context":"https:\/\/schema.org","@graph":[{"@type":"WebPage","@id":"https:\/\/rendez-vous-store.com\/shop\/special-offer-men-rendez-vous-store\/men-coat-and-jacket-special-offer\/sage-de-cret-5oz-uneven-yarn-denim-shirt-jacket-31-50-6210-navy-rendez-vous-store\/","url":"https:\/\/rendez-vous-store.com\/shop\/special-offer-men-rendez-vous-store\/men-coat-and-jacket-special-offer\/sage-de-cret-5oz-uneven-yarn-denim-shirt-jacket-31-50-6210-navy-rendez-vous-store\/","name":"Sage De Cret 5OZ Uneven Yarn Denim Shirt Jacket Navy","isPartOf":{"@id":"https:\/\/rendez-vous-store.com\/#website"},"primaryImageOfPage":{"@id":"https:\/\/rendez-vous-store.com\/shop\/special-offer-men-rendez-vous-store\/men-coat-and-jacket-special-offer\/sage-de-cret-5oz-uneven-yarn-denim-shirt-jacket-31-50-6210-navy-rendez-vous-store\/#primaryimage"},"image":{"@id":"https:\/\/rendez-vous-store.com\/shop\/special-offer-men-rendez-vous-store\/men-coat-and-jacket-special-offer\/sage-de-cret-5oz-uneven-yarn-denim-shirt-jacket-31-50-6210-navy-rendez-vous-store\/#primaryimage"},"thumbnailUrl":"https:\/\/images-store-v2.s3.eu-west-par.io.cloud.ovh.net\/uploads\/2025\/08\/IMG_3388_11zon-scaled.webp","datePublished":"2025-08-25T13:35:25+00:00","dateModified":"2026-02-04T16:41:03+00:00","description":"This Sage De Cret - 5OZ Uneven Yarn Denim Shirt Jacket 31-50-6210 - Navy combine a variety of traditional dyeing and advanced techniques. Discover now.","breadcrumb":{"@id":"https:\/\/rendez-vous-store.com\/shop\/special-offer-men-rendez-vous-store\/men-coat-and-jacket-special-offer\/sage-de-cret-5oz-uneven-yarn-denim-shirt-jacket-31-50-6210-navy-rendez-vous-store\/#breadcrumb"},"inLanguage":"fr-FR","potentialAction":[{"@type":"ReadAction","target":["https:\/\/rendez-vous-store.com\/shop\/special-offer-men-rendez-vous-store\/men-coat-and-jacket-special-offer\/sage-de-cret-5oz-uneven-yarn-denim-shirt-jacket-31-50-6210-navy-rendez-vous-store\/"]}]},{"@type":"ImageObject","inLanguage":"fr-FR","@id":"https:\/\/rendez-vous-store.com\/shop\/special-offer-men-rendez-vous-store\/men-coat-and-jacket-special-offer\/sage-de-cret-5oz-uneven-yarn-denim-shirt-jacket-31-50-6210-navy-rendez-vous-store\/#primaryimage","url":"https:\/\/images-store-v2.s3.eu-west-par.io.cloud.ovh.net\/uploads\/2025\/08\/IMG_3388_11zon-scaled.webp","contentUrl":"https:\/\/images-store-v2.s3.eu-west-par.io.cloud.ovh.net\/uploads\/2025\/08\/IMG_3388_11zon-scaled.webp","width":1707,"height":2560,"caption":"Sage De Cret - 5OZ Uneven Yarn Denim Shirt Jacket 31-50-6210 - Navy"},{"@type":"BreadcrumbList","@id":"https:\/\/rendez-vous-store.com\/shop\/special-offer-men-rendez-vous-store\/men-coat-and-jacket-special-offer\/sage-de-cret-5oz-uneven-yarn-denim-shirt-jacket-31-50-6210-navy-rendez-vous-store\/#breadcrumb","itemListElement":[{"@type":"ListItem","position":1,"name":"Home","item":"https:\/\/rendez-vous-store.com\/"},{"@type":"ListItem","position":2,"name":"Shop","item":"https:\/\/www.rendez-vous-store.com\/shop\/"},{"@type":"ListItem","position":3,"name":"Sage De Cret &#8211; 5OZ Uneven Yarn Denim Shirt Jacket 31-50-6210 &#8211; Navy"}]},{"@type":"WebSite","@id":"https:\/\/rendez-vous-store.com\/#website","url":"https:\/\/rendez-vous-store.com\/","name":"STAGING RENDEZ-VOUS STORE","description":"Slow Fashion for Women and Men","potentialAction":[{"@type":"SearchAction","target":{"@type":"EntryPoint","urlTemplate":"https:\/\/rendez-vous-store.com\/?s={search_term_string}"},"query-input":{"@type":"PropertyValueSpecification","valueRequired":true,"valueName":"search_term_string"}}],"inLanguage":"fr-FR"}]}},"_links":{"self":[{"href":"https:\/\/staging.rendez-vous-store.com\/fr\/wp-json\/wp\/v2\/product\/211445","targetHints":{"allow":["GET"]}}],"collection":[{"href":"https:\/\/staging.rendez-vous-store.com\/fr\/wp-json\/wp\/v2\/product"}],"about":[{"href":"https:\/\/staging.rendez-vous-store.com\/fr\/wp-json\/wp\/v2\/types\/product"}],"wp:featuredmedia":[{"embeddable":true,"href":"https:\/\/staging.rendez-vous-store.com\/fr\/wp-json\/wp\/v2\/media\/212640"}],"wp:attachment":[{"href":"https:\/\/staging.rendez-vous-store.com\/fr\/wp-json\/wp\/v2\/media?parent=211445"}],"wp:term":[{"taxonomy":"product_brand","embeddable":true,"href":"https:\/\/staging.rendez-vous-store.com\/fr\/wp-json\/wp\/v2\/product_brand?post=211445"},{"taxonomy":"product_cat","embeddable":true,"href":"https:\/\/staging.rendez-vous-store.com\/fr\/wp-json\/wp\/v2\/product_cat?post=211445"},{"taxonomy":"product_tag","embeddable":true,"href":"https:\/\/staging.rendez-vous-store.com\/fr\/wp-json\/wp\/v2\/product_tag?post=211445"}],"curies":[{"name":"wp","href":"https:\/\/api.w.org\/{rel}","templated":true}]}}