{"id":219283,"date":"2025-10-10T15:01:27","date_gmt":"2025-10-10T13:01:27","guid":{"rendered":"https:\/\/staging.rendez-vous-store.com\/?post_type=product&#038;p=219283"},"modified":"2025-11-29T11:43:25","modified_gmt":"2025-11-29T10:43:25","slug":"evan-kinori-two-pleat-pant-black-rendez-vous-store","status":"publish","type":"product","link":"https:\/\/staging.rendez-vous-store.com\/fr\/shop\/men-selection-discover-our-selection-rendez-vous-store\/trousers-shorts-rendez-vous-store\/evan-kinori-two-pleat-pant-black-rendez-vous-store\/","title":{"rendered":"Evan Kinori &#8211; Two Pleat Pant &#8211; Black"},"content":{"rendered":"<p><strong>Evan Kinori Two Pleat Pant Black<\/strong><\/p>\n<p>Couleur : Noir<\/p>\n<p>Loose and slightly tapered pant<\/p>\n<p>Poches avant en biais<\/p>\n<p>Poches arri\u00e8re passepoil\u00e9es<\/p>\n<p>Boutons de Corozo<\/p>\n<p>Split back waistband<\/p>\n<p>Needle belt loops<\/p>\n<p>Composition : 100% Coton<\/p>\n<p>Fabriqu\u00e9 au Japon<\/p>\n<p>&nbsp;<\/p>\n<p><strong>Les mesures :\u00a0<\/strong><\/p>\n<p>Size M: Waist: 40cm, Hip: 71cm, Thigh: 38cm, Inseam: 69cm, Length: 98cm<\/p>\n<p>Size L: Waist: 43cm, Hip: 73cm, Thigh: 40cm, Inseam: 68cm, Length: 100cm<\/p>\n<p>&nbsp;<\/p>\n<p>&nbsp;<\/p>\n<p>&nbsp;<\/p>\n<p>&nbsp;<\/p>\n<p>&nbsp;<\/p>\n<p><strong>La marque<\/strong><\/p>\n<p>Evan Kinori con\u00e7oit et travaille comme mod\u00e9liste dans son studio bas\u00e9 \u00e0 San Francisco, o\u00f9 il d\u00e9veloppe petit \u00e0 petit une collection de v\u00eatements bien pens\u00e9s et bien coup\u00e9s. Chaque pi\u00e8ce est fabriqu\u00e9e en Californie et fait partie d'une \u00e9dition num\u00e9rot\u00e9e \u00e0 la main.<\/p>","protected":false},"excerpt":{"rendered":"<p>Evan Kinori Two Pleat Pant Black Color: Black Loose and slightly tapered pant Slash front pockets Rear welt pockets Corozo buttons Split back waistband Needle belt loops Composition: 100% Cotton Made in Japan &nbsp; The measurements:\u00a0 Size M: Waist: 40cm, Hip: 71cm, Thigh: 38cm, Inseam: 69cm, Length: 98cm Size L: Waist: 43cm, Hip: 73cm, Thigh:&hellip; <a class=\"more-link\" href=\"https:\/\/staging.rendez-vous-store.com\/fr\/shop\/men-selection-discover-our-selection-rendez-vous-store\/trousers-shorts-rendez-vous-store\/evan-kinori-two-pleat-pant-black-rendez-vous-store\/\">Continue reading <span class=\"screen-reader-text\">Evan Kinori &#8211; Two Pleat Pant &#8211; Black<\/span><\/a><\/p>","protected":false},"featured_media":219501,"template":"","meta":{"_acf_changed":false},"product_brand":[],"product_cat":[20,73],"product_tag":[608],"class_list":{"0":"post-219283","1":"product","2":"type-product","3":"status-publish","4":"has-post-thumbnail","6":"product_cat-men-selection-discover-our-selection-rendez-vous-store","7":"product_cat-trousers-shorts-rendez-vous-store","8":"product_tag-evan-kinori","9":"entry","11":"first","12":"outofstock","13":"taxable","14":"shipping-taxable","15":"product-type-variable"},"acf":[],"yoast_head":"<!-- This site is optimized with the Yoast SEO plugin v24.9 - https:\/\/yoast.com\/wordpress\/plugins\/seo\/ -->\n<title>Evan Kinori Two Pleat Pant Black<\/title>\n<meta name=\"description\" content=\"This Evan Kinori - Two Pleat Pant - Black is perfect for slightly colder days to keep warm in style. Discover now on Rendez-vous Store.\" \/>\n<meta name=\"robots\" content=\"noindex, follow, max-snippet:-1, max-image-preview:large, max-video-preview:-1\" \/>\n<meta property=\"og:locale\" content=\"fr_FR\" \/>\n<meta property=\"og:type\" content=\"article\" \/>\n<meta property=\"og:title\" content=\"Evan Kinori Two Pleat Pant Black\" \/>\n<meta property=\"og:description\" content=\"This Evan Kinori - Two Pleat Pant - Black is perfect for slightly colder days to keep warm in style. Discover now on Rendez-vous Store.\" \/>\n<meta property=\"og:url\" content=\"https:\/\/rendez-vous-store.com\/shop\/men-selection-discover-our-selection-rendez-vous-store\/trousers-shorts-rendez-vous-store\/evan-kinori-two-pleat-pant-black-rendez-vous-store\/\" \/>\n<meta property=\"og:site_name\" content=\"STAGING RENDEZ-VOUS STORE\" \/>\n<meta property=\"article:modified_time\" content=\"2025-11-29T10:43:25+00:00\" \/>\n<meta property=\"og:image\" content=\"https:\/\/rendez-vous-store.com\/app\/uploads\/2025\/10\/IMG_0561-min-scaled.webp\" \/>\n\t<meta property=\"og:image:width\" content=\"1707\" \/>\n\t<meta property=\"og:image:height\" content=\"2560\" \/>\n\t<meta property=\"og:image:type\" content=\"image\/webp\" \/>\n<meta name=\"twitter:card\" content=\"summary_large_image\" \/>\n<meta name=\"twitter:label1\" content=\"Est. reading time\" \/>\n\t<meta name=\"twitter:data1\" content=\"1 minute\" \/>\n<script type=\"application\/ld+json\" class=\"yoast-schema-graph\">{\"@context\":\"https:\/\/schema.org\",\"@graph\":[{\"@type\":\"WebPage\",\"@id\":\"https:\/\/rendez-vous-store.com\/shop\/men-selection-discover-our-selection-rendez-vous-store\/trousers-shorts-rendez-vous-store\/evan-kinori-two-pleat-pant-black-rendez-vous-store\/\",\"url\":\"https:\/\/rendez-vous-store.com\/shop\/men-selection-discover-our-selection-rendez-vous-store\/trousers-shorts-rendez-vous-store\/evan-kinori-two-pleat-pant-black-rendez-vous-store\/\",\"name\":\"Evan Kinori Two Pleat Pant Black\",\"isPartOf\":{\"@id\":\"https:\/\/rendez-vous-store.com\/#website\"},\"primaryImageOfPage\":{\"@id\":\"https:\/\/rendez-vous-store.com\/shop\/men-selection-discover-our-selection-rendez-vous-store\/trousers-shorts-rendez-vous-store\/evan-kinori-two-pleat-pant-black-rendez-vous-store\/#primaryimage\"},\"image\":{\"@id\":\"https:\/\/rendez-vous-store.com\/shop\/men-selection-discover-our-selection-rendez-vous-store\/trousers-shorts-rendez-vous-store\/evan-kinori-two-pleat-pant-black-rendez-vous-store\/#primaryimage\"},\"thumbnailUrl\":\"https:\/\/images-store-v2.s3.eu-west-par.io.cloud.ovh.net\/uploads\/2025\/10\/IMG_0561-min-scaled.webp\",\"datePublished\":\"2025-10-10T13:01:27+00:00\",\"dateModified\":\"2025-11-29T10:43:25+00:00\",\"description\":\"This Evan Kinori - Two Pleat Pant - Black is perfect for slightly colder days to keep warm in style. Discover now on Rendez-vous Store.\",\"breadcrumb\":{\"@id\":\"https:\/\/rendez-vous-store.com\/shop\/men-selection-discover-our-selection-rendez-vous-store\/trousers-shorts-rendez-vous-store\/evan-kinori-two-pleat-pant-black-rendez-vous-store\/#breadcrumb\"},\"inLanguage\":\"fr-FR\",\"potentialAction\":[{\"@type\":\"ReadAction\",\"target\":[\"https:\/\/rendez-vous-store.com\/shop\/men-selection-discover-our-selection-rendez-vous-store\/trousers-shorts-rendez-vous-store\/evan-kinori-two-pleat-pant-black-rendez-vous-store\/\"]}]},{\"@type\":\"ImageObject\",\"inLanguage\":\"fr-FR\",\"@id\":\"https:\/\/rendez-vous-store.com\/shop\/men-selection-discover-our-selection-rendez-vous-store\/trousers-shorts-rendez-vous-store\/evan-kinori-two-pleat-pant-black-rendez-vous-store\/#primaryimage\",\"url\":\"https:\/\/images-store-v2.s3.eu-west-par.io.cloud.ovh.net\/uploads\/2025\/10\/IMG_0561-min-scaled.webp\",\"contentUrl\":\"https:\/\/images-store-v2.s3.eu-west-par.io.cloud.ovh.net\/uploads\/2025\/10\/IMG_0561-min-scaled.webp\",\"width\":1707,\"height\":2560},{\"@type\":\"BreadcrumbList\",\"@id\":\"https:\/\/rendez-vous-store.com\/shop\/men-selection-discover-our-selection-rendez-vous-store\/trousers-shorts-rendez-vous-store\/evan-kinori-two-pleat-pant-black-rendez-vous-store\/#breadcrumb\",\"itemListElement\":[{\"@type\":\"ListItem\",\"position\":1,\"name\":\"Home\",\"item\":\"https:\/\/rendez-vous-store.com\/\"},{\"@type\":\"ListItem\",\"position\":2,\"name\":\"Shop\",\"item\":\"https:\/\/www.rendez-vous-store.com\/shop\/\"},{\"@type\":\"ListItem\",\"position\":3,\"name\":\"Evan Kinori &#8211; Two Pleat Pant &#8211; Black\"}]},{\"@type\":\"WebSite\",\"@id\":\"https:\/\/rendez-vous-store.com\/#website\",\"url\":\"https:\/\/rendez-vous-store.com\/\",\"name\":\"STAGING RENDEZ-VOUS STORE\",\"description\":\"Slow Fashion for Women and Men\",\"potentialAction\":[{\"@type\":\"SearchAction\",\"target\":{\"@type\":\"EntryPoint\",\"urlTemplate\":\"https:\/\/rendez-vous-store.com\/?s={search_term_string}\"},\"query-input\":{\"@type\":\"PropertyValueSpecification\",\"valueRequired\":true,\"valueName\":\"search_term_string\"}}],\"inLanguage\":\"fr-FR\"}]}<\/script>\n<!-- \/ Yoast SEO plugin. -->","yoast_head_json":{"title":"Evan Kinori Two Pleat Pant Black","description":"This Evan Kinori - Two Pleat Pant - Black is perfect for slightly colder days to keep warm in style. Discover now on Rendez-vous Store.","robots":{"index":"noindex","follow":"follow","max-snippet":"max-snippet:-1","max-image-preview":"max-image-preview:large","max-video-preview":"max-video-preview:-1"},"og_locale":"fr_FR","og_type":"article","og_title":"Evan Kinori Two Pleat Pant Black","og_description":"This Evan Kinori - Two Pleat Pant - Black is perfect for slightly colder days to keep warm in style. Discover now on Rendez-vous Store.","og_url":"https:\/\/rendez-vous-store.com\/shop\/men-selection-discover-our-selection-rendez-vous-store\/trousers-shorts-rendez-vous-store\/evan-kinori-two-pleat-pant-black-rendez-vous-store\/","og_site_name":"STAGING RENDEZ-VOUS STORE","article_modified_time":"2025-11-29T10:43:25+00:00","og_image":[{"width":1707,"height":2560,"url":"https:\/\/rendez-vous-store.com\/app\/uploads\/2025\/10\/IMG_0561-min-scaled.webp","type":"image\/webp"}],"twitter_card":"summary_large_image","twitter_misc":{"Est. reading time":"1 minute"},"schema":{"@context":"https:\/\/schema.org","@graph":[{"@type":"WebPage","@id":"https:\/\/rendez-vous-store.com\/shop\/men-selection-discover-our-selection-rendez-vous-store\/trousers-shorts-rendez-vous-store\/evan-kinori-two-pleat-pant-black-rendez-vous-store\/","url":"https:\/\/rendez-vous-store.com\/shop\/men-selection-discover-our-selection-rendez-vous-store\/trousers-shorts-rendez-vous-store\/evan-kinori-two-pleat-pant-black-rendez-vous-store\/","name":"Evan Kinori Two Pleat Pant Black","isPartOf":{"@id":"https:\/\/rendez-vous-store.com\/#website"},"primaryImageOfPage":{"@id":"https:\/\/rendez-vous-store.com\/shop\/men-selection-discover-our-selection-rendez-vous-store\/trousers-shorts-rendez-vous-store\/evan-kinori-two-pleat-pant-black-rendez-vous-store\/#primaryimage"},"image":{"@id":"https:\/\/rendez-vous-store.com\/shop\/men-selection-discover-our-selection-rendez-vous-store\/trousers-shorts-rendez-vous-store\/evan-kinori-two-pleat-pant-black-rendez-vous-store\/#primaryimage"},"thumbnailUrl":"https:\/\/images-store-v2.s3.eu-west-par.io.cloud.ovh.net\/uploads\/2025\/10\/IMG_0561-min-scaled.webp","datePublished":"2025-10-10T13:01:27+00:00","dateModified":"2025-11-29T10:43:25+00:00","description":"This Evan Kinori - Two Pleat Pant - Black is perfect for slightly colder days to keep warm in style. Discover now on Rendez-vous Store.","breadcrumb":{"@id":"https:\/\/rendez-vous-store.com\/shop\/men-selection-discover-our-selection-rendez-vous-store\/trousers-shorts-rendez-vous-store\/evan-kinori-two-pleat-pant-black-rendez-vous-store\/#breadcrumb"},"inLanguage":"fr-FR","potentialAction":[{"@type":"ReadAction","target":["https:\/\/rendez-vous-store.com\/shop\/men-selection-discover-our-selection-rendez-vous-store\/trousers-shorts-rendez-vous-store\/evan-kinori-two-pleat-pant-black-rendez-vous-store\/"]}]},{"@type":"ImageObject","inLanguage":"fr-FR","@id":"https:\/\/rendez-vous-store.com\/shop\/men-selection-discover-our-selection-rendez-vous-store\/trousers-shorts-rendez-vous-store\/evan-kinori-two-pleat-pant-black-rendez-vous-store\/#primaryimage","url":"https:\/\/images-store-v2.s3.eu-west-par.io.cloud.ovh.net\/uploads\/2025\/10\/IMG_0561-min-scaled.webp","contentUrl":"https:\/\/images-store-v2.s3.eu-west-par.io.cloud.ovh.net\/uploads\/2025\/10\/IMG_0561-min-scaled.webp","width":1707,"height":2560},{"@type":"BreadcrumbList","@id":"https:\/\/rendez-vous-store.com\/shop\/men-selection-discover-our-selection-rendez-vous-store\/trousers-shorts-rendez-vous-store\/evan-kinori-two-pleat-pant-black-rendez-vous-store\/#breadcrumb","itemListElement":[{"@type":"ListItem","position":1,"name":"Home","item":"https:\/\/rendez-vous-store.com\/"},{"@type":"ListItem","position":2,"name":"Shop","item":"https:\/\/www.rendez-vous-store.com\/shop\/"},{"@type":"ListItem","position":3,"name":"Evan Kinori &#8211; Two Pleat Pant &#8211; Black"}]},{"@type":"WebSite","@id":"https:\/\/rendez-vous-store.com\/#website","url":"https:\/\/rendez-vous-store.com\/","name":"STAGING RENDEZ-VOUS STORE","description":"Slow Fashion for Women and Men","potentialAction":[{"@type":"SearchAction","target":{"@type":"EntryPoint","urlTemplate":"https:\/\/rendez-vous-store.com\/?s={search_term_string}"},"query-input":{"@type":"PropertyValueSpecification","valueRequired":true,"valueName":"search_term_string"}}],"inLanguage":"fr-FR"}]}},"_links":{"self":[{"href":"https:\/\/staging.rendez-vous-store.com\/fr\/wp-json\/wp\/v2\/product\/219283","targetHints":{"allow":["GET"]}}],"collection":[{"href":"https:\/\/staging.rendez-vous-store.com\/fr\/wp-json\/wp\/v2\/product"}],"about":[{"href":"https:\/\/staging.rendez-vous-store.com\/fr\/wp-json\/wp\/v2\/types\/product"}],"wp:featuredmedia":[{"embeddable":true,"href":"https:\/\/staging.rendez-vous-store.com\/fr\/wp-json\/wp\/v2\/media\/219501"}],"wp:attachment":[{"href":"https:\/\/staging.rendez-vous-store.com\/fr\/wp-json\/wp\/v2\/media?parent=219283"}],"wp:term":[{"taxonomy":"product_brand","embeddable":true,"href":"https:\/\/staging.rendez-vous-store.com\/fr\/wp-json\/wp\/v2\/product_brand?post=219283"},{"taxonomy":"product_cat","embeddable":true,"href":"https:\/\/staging.rendez-vous-store.com\/fr\/wp-json\/wp\/v2\/product_cat?post=219283"},{"taxonomy":"product_tag","embeddable":true,"href":"https:\/\/staging.rendez-vous-store.com\/fr\/wp-json\/wp\/v2\/product_tag?post=219283"}],"curies":[{"name":"wp","href":"https:\/\/api.w.org\/{rel}","templated":true}]}}