{"id":55750,"date":"2022-08-08T13:01:03","date_gmt":"2022-08-08T11:01:03","guid":{"rendered":"https:\/\/www.rendez-vous-store.com\/?post_type=product&#038;p=55750"},"modified":"2025-09-08T16:02:21","modified_gmt":"2025-09-08T14:02:21","slug":"engineered-garments-carlyle-pant-olive-brown","status":"publish","type":"product","link":"https:\/\/staging.rendez-vous-store.com\/fr\/shop\/last-pieces-men\/last-pieces-men-trousers-shorts-rendez-vous-store\/engineered-garments-carlyle-pant-olive-brown\/","title":{"rendered":"Engineered Garments &#8211; Carlyle Pant &#8211; Olive Brown"},"content":{"rendered":"<ul>\n<li>Pants from Engineered Garments<\/li>\n<li>Color: Olive and brown check<\/li>\n<li>Fermeture \u00e0 boutons avec braguette \u00e0 glissi\u00e8re<\/li>\n<li>Passants de ceinture<\/li>\n<li>Poches sur les coutures lat\u00e9rales<\/li>\n<li>Single front pleat on either side<\/li>\n<li>Rear flap pockets with button<\/li>\n<li>Cordon de serrage int\u00e9rieur<\/li>\n<li>Fold-up cuffs<\/li>\n<li>Composition : 100% Coton<\/li>\n<li>Fabriqu\u00e9 aux \u00c9tats-Unis<\/li>\n<li>Olivier mesure 178 cm<\/li>\n<li>Taille du mod\u00e8le : M<\/li>\n<li>Measurements: Waist: 45cm &#8211; Hip: 58cm &#8211; Thigh: 37cm &#8211; Inseam: 76cm &#8211; Length: 109cm<\/li>\n<\/ul>\n<p>&nbsp;<\/p>","protected":false},"excerpt":{"rendered":"<p>Pants from Engineered Garments Color: Olive and brown check Button closure with zip fly Belt loops Side seam pockets Single front pleat on either side Rear flap pockets with button Inner drawcord Fold-up cuffs Composition: 100% Cotton Made in USA Olivier is 178cm tall Model size: M Measurements: Waist: 45cm &#8211; Hip: 58cm &#8211; Thigh:&hellip; <a class=\"more-link\" href=\"https:\/\/staging.rendez-vous-store.com\/fr\/shop\/last-pieces-men\/last-pieces-men-trousers-shorts-rendez-vous-store\/engineered-garments-carlyle-pant-olive-brown\/\">Continue reading <span class=\"screen-reader-text\">Engineered Garments &#8211; Carlyle Pant &#8211; Olive Brown<\/span><\/a><\/p>","protected":false},"featured_media":28272,"template":"","meta":{"_acf_changed":false},"product_brand":[],"product_cat":[1232,1137,1154,73],"product_tag":[],"class_list":{"0":"post-55750","1":"product","2":"type-product","3":"status-publish","4":"has-post-thumbnail","6":"product_cat-sale-40","7":"product_cat-last-pieces-men","8":"product_cat-last-pieces-men-trousers-shorts-rendez-vous-store","9":"product_cat-trousers-shorts-rendez-vous-store","10":"entry","12":"first","13":"instock","14":"taxable","15":"shipping-taxable","16":"purchasable","17":"product-type-variable","18":"has-default-attributes"},"acf":[],"yoast_head":"<!-- This site is optimized with the Yoast SEO plugin v24.9 - https:\/\/yoast.com\/wordpress\/plugins\/seo\/ -->\n<title>Engineered Garments - Carlyle Pant - Olive Brown - STAGING RENDEZ-VOUS STORE<\/title>\n<meta name=\"robots\" content=\"noindex, follow, max-snippet:-1, max-image-preview:large, max-video-preview:-1\" \/>\n<meta property=\"og:locale\" content=\"fr_FR\" \/>\n<meta property=\"og:type\" content=\"article\" \/>\n<meta property=\"og:title\" content=\"Engineered Garments - Carlyle Pant - Olive Brown - STAGING RENDEZ-VOUS STORE\" \/>\n<meta property=\"og:description\" content=\"Pants from Engineered Garments Color: Olive and brown check Button closure with zip fly Belt loops Side seam pockets Single front pleat on either side Rear flap pockets with button Inner drawcord Fold-up cuffs Composition: 100% Cotton Made in USA Olivier is 178cm tall Model size: M Measurements: Waist: 45cm &#8211; Hip: 58cm &#8211; Thigh:&hellip; Continue reading Engineered Garments &#8211; Carlyle Pant &#8211; Olive Brown\" \/>\n<meta property=\"og:url\" content=\"https:\/\/rendez-vous-store.com\/shop\/last-pieces-men\/last-pieces-men-trousers-shorts-rendez-vous-store\/engineered-garments-carlyle-pant-olive-brown\/\" \/>\n<meta property=\"og:site_name\" content=\"STAGING RENDEZ-VOUS STORE\" \/>\n<meta property=\"article:modified_time\" content=\"2025-09-08T14:02:21+00:00\" \/>\n<meta property=\"og:image\" content=\"https:\/\/rendez-vous-store.com\/app\/uploads\/2022\/07\/rdvstore_326-1.jpg\" \/>\n\t<meta property=\"og:image:width\" content=\"1060\" \/>\n\t<meta property=\"og:image:height\" content=\"1600\" \/>\n\t<meta property=\"og:image:type\" content=\"image\/jpeg\" \/>\n<meta name=\"twitter:card\" content=\"summary_large_image\" \/>\n<script type=\"application\/ld+json\" class=\"yoast-schema-graph\">{\"@context\":\"https:\/\/schema.org\",\"@graph\":[{\"@type\":\"WebPage\",\"@id\":\"https:\/\/rendez-vous-store.com\/shop\/last-pieces-men\/last-pieces-men-trousers-shorts-rendez-vous-store\/engineered-garments-carlyle-pant-olive-brown\/\",\"url\":\"https:\/\/rendez-vous-store.com\/shop\/last-pieces-men\/last-pieces-men-trousers-shorts-rendez-vous-store\/engineered-garments-carlyle-pant-olive-brown\/\",\"name\":\"Engineered Garments - Carlyle Pant - Olive Brown - STAGING RENDEZ-VOUS STORE\",\"isPartOf\":{\"@id\":\"https:\/\/rendez-vous-store.com\/#website\"},\"primaryImageOfPage\":{\"@id\":\"https:\/\/rendez-vous-store.com\/shop\/last-pieces-men\/last-pieces-men-trousers-shorts-rendez-vous-store\/engineered-garments-carlyle-pant-olive-brown\/#primaryimage\"},\"image\":{\"@id\":\"https:\/\/rendez-vous-store.com\/shop\/last-pieces-men\/last-pieces-men-trousers-shorts-rendez-vous-store\/engineered-garments-carlyle-pant-olive-brown\/#primaryimage\"},\"thumbnailUrl\":\"https:\/\/images-store-v2.s3.eu-west-par.io.cloud.ovh.net\/uploads\/2022\/07\/rdvstore_326-1.jpg\",\"datePublished\":\"2022-08-08T11:01:03+00:00\",\"dateModified\":\"2025-09-08T14:02:21+00:00\",\"breadcrumb\":{\"@id\":\"https:\/\/rendez-vous-store.com\/shop\/last-pieces-men\/last-pieces-men-trousers-shorts-rendez-vous-store\/engineered-garments-carlyle-pant-olive-brown\/#breadcrumb\"},\"inLanguage\":\"fr-FR\",\"potentialAction\":[{\"@type\":\"ReadAction\",\"target\":[\"https:\/\/rendez-vous-store.com\/shop\/last-pieces-men\/last-pieces-men-trousers-shorts-rendez-vous-store\/engineered-garments-carlyle-pant-olive-brown\/\"]}]},{\"@type\":\"ImageObject\",\"inLanguage\":\"fr-FR\",\"@id\":\"https:\/\/rendez-vous-store.com\/shop\/last-pieces-men\/last-pieces-men-trousers-shorts-rendez-vous-store\/engineered-garments-carlyle-pant-olive-brown\/#primaryimage\",\"url\":\"https:\/\/images-store-v2.s3.eu-west-par.io.cloud.ovh.net\/uploads\/2022\/07\/rdvstore_326-1.jpg\",\"contentUrl\":\"https:\/\/images-store-v2.s3.eu-west-par.io.cloud.ovh.net\/uploads\/2022\/07\/rdvstore_326-1.jpg\",\"width\":1060,\"height\":1600},{\"@type\":\"BreadcrumbList\",\"@id\":\"https:\/\/rendez-vous-store.com\/shop\/last-pieces-men\/last-pieces-men-trousers-shorts-rendez-vous-store\/engineered-garments-carlyle-pant-olive-brown\/#breadcrumb\",\"itemListElement\":[{\"@type\":\"ListItem\",\"position\":1,\"name\":\"Home\",\"item\":\"https:\/\/rendez-vous-store.com\/\"},{\"@type\":\"ListItem\",\"position\":2,\"name\":\"Shop\",\"item\":\"https:\/\/www.rendez-vous-store.com\/shop\/\"},{\"@type\":\"ListItem\",\"position\":3,\"name\":\"Engineered Garments &#8211; Carlyle Pant &#8211; Olive Brown\"}]},{\"@type\":\"WebSite\",\"@id\":\"https:\/\/rendez-vous-store.com\/#website\",\"url\":\"https:\/\/rendez-vous-store.com\/\",\"name\":\"STAGING RENDEZ-VOUS STORE\",\"description\":\"Slow Fashion for Women and Men\",\"potentialAction\":[{\"@type\":\"SearchAction\",\"target\":{\"@type\":\"EntryPoint\",\"urlTemplate\":\"https:\/\/rendez-vous-store.com\/?s={search_term_string}\"},\"query-input\":{\"@type\":\"PropertyValueSpecification\",\"valueRequired\":true,\"valueName\":\"search_term_string\"}}],\"inLanguage\":\"fr-FR\"}]}<\/script>\n<!-- \/ Yoast SEO plugin. -->","yoast_head_json":{"title":"Engineered Garments - Carlyle Pant - Olive Brown - STAGING RENDEZ-VOUS STORE","robots":{"index":"noindex","follow":"follow","max-snippet":"max-snippet:-1","max-image-preview":"max-image-preview:large","max-video-preview":"max-video-preview:-1"},"og_locale":"fr_FR","og_type":"article","og_title":"Engineered Garments - Carlyle Pant - Olive Brown - STAGING RENDEZ-VOUS STORE","og_description":"Pants from Engineered Garments Color: Olive and brown check Button closure with zip fly Belt loops Side seam pockets Single front pleat on either side Rear flap pockets with button Inner drawcord Fold-up cuffs Composition: 100% Cotton Made in USA Olivier is 178cm tall Model size: M Measurements: Waist: 45cm &#8211; Hip: 58cm &#8211; Thigh:&hellip; Continue reading Engineered Garments &#8211; Carlyle Pant &#8211; Olive Brown","og_url":"https:\/\/rendez-vous-store.com\/shop\/last-pieces-men\/last-pieces-men-trousers-shorts-rendez-vous-store\/engineered-garments-carlyle-pant-olive-brown\/","og_site_name":"STAGING RENDEZ-VOUS STORE","article_modified_time":"2025-09-08T14:02:21+00:00","og_image":[{"width":1060,"height":1600,"url":"https:\/\/rendez-vous-store.com\/app\/uploads\/2022\/07\/rdvstore_326-1.jpg","type":"image\/jpeg"}],"twitter_card":"summary_large_image","schema":{"@context":"https:\/\/schema.org","@graph":[{"@type":"WebPage","@id":"https:\/\/rendez-vous-store.com\/shop\/last-pieces-men\/last-pieces-men-trousers-shorts-rendez-vous-store\/engineered-garments-carlyle-pant-olive-brown\/","url":"https:\/\/rendez-vous-store.com\/shop\/last-pieces-men\/last-pieces-men-trousers-shorts-rendez-vous-store\/engineered-garments-carlyle-pant-olive-brown\/","name":"Engineered Garments - Carlyle Pant - Olive Brown - STAGING RENDEZ-VOUS STORE","isPartOf":{"@id":"https:\/\/rendez-vous-store.com\/#website"},"primaryImageOfPage":{"@id":"https:\/\/rendez-vous-store.com\/shop\/last-pieces-men\/last-pieces-men-trousers-shorts-rendez-vous-store\/engineered-garments-carlyle-pant-olive-brown\/#primaryimage"},"image":{"@id":"https:\/\/rendez-vous-store.com\/shop\/last-pieces-men\/last-pieces-men-trousers-shorts-rendez-vous-store\/engineered-garments-carlyle-pant-olive-brown\/#primaryimage"},"thumbnailUrl":"https:\/\/images-store-v2.s3.eu-west-par.io.cloud.ovh.net\/uploads\/2022\/07\/rdvstore_326-1.jpg","datePublished":"2022-08-08T11:01:03+00:00","dateModified":"2025-09-08T14:02:21+00:00","breadcrumb":{"@id":"https:\/\/rendez-vous-store.com\/shop\/last-pieces-men\/last-pieces-men-trousers-shorts-rendez-vous-store\/engineered-garments-carlyle-pant-olive-brown\/#breadcrumb"},"inLanguage":"fr-FR","potentialAction":[{"@type":"ReadAction","target":["https:\/\/rendez-vous-store.com\/shop\/last-pieces-men\/last-pieces-men-trousers-shorts-rendez-vous-store\/engineered-garments-carlyle-pant-olive-brown\/"]}]},{"@type":"ImageObject","inLanguage":"fr-FR","@id":"https:\/\/rendez-vous-store.com\/shop\/last-pieces-men\/last-pieces-men-trousers-shorts-rendez-vous-store\/engineered-garments-carlyle-pant-olive-brown\/#primaryimage","url":"https:\/\/images-store-v2.s3.eu-west-par.io.cloud.ovh.net\/uploads\/2022\/07\/rdvstore_326-1.jpg","contentUrl":"https:\/\/images-store-v2.s3.eu-west-par.io.cloud.ovh.net\/uploads\/2022\/07\/rdvstore_326-1.jpg","width":1060,"height":1600},{"@type":"BreadcrumbList","@id":"https:\/\/rendez-vous-store.com\/shop\/last-pieces-men\/last-pieces-men-trousers-shorts-rendez-vous-store\/engineered-garments-carlyle-pant-olive-brown\/#breadcrumb","itemListElement":[{"@type":"ListItem","position":1,"name":"Home","item":"https:\/\/rendez-vous-store.com\/"},{"@type":"ListItem","position":2,"name":"Shop","item":"https:\/\/www.rendez-vous-store.com\/shop\/"},{"@type":"ListItem","position":3,"name":"Engineered Garments &#8211; Carlyle Pant &#8211; Olive Brown"}]},{"@type":"WebSite","@id":"https:\/\/rendez-vous-store.com\/#website","url":"https:\/\/rendez-vous-store.com\/","name":"STAGING RENDEZ-VOUS STORE","description":"Slow Fashion for Women and Men","potentialAction":[{"@type":"SearchAction","target":{"@type":"EntryPoint","urlTemplate":"https:\/\/rendez-vous-store.com\/?s={search_term_string}"},"query-input":{"@type":"PropertyValueSpecification","valueRequired":true,"valueName":"search_term_string"}}],"inLanguage":"fr-FR"}]}},"_links":{"self":[{"href":"https:\/\/staging.rendez-vous-store.com\/fr\/wp-json\/wp\/v2\/product\/55750","targetHints":{"allow":["GET"]}}],"collection":[{"href":"https:\/\/staging.rendez-vous-store.com\/fr\/wp-json\/wp\/v2\/product"}],"about":[{"href":"https:\/\/staging.rendez-vous-store.com\/fr\/wp-json\/wp\/v2\/types\/product"}],"wp:featuredmedia":[{"embeddable":true,"href":"https:\/\/staging.rendez-vous-store.com\/fr\/wp-json\/wp\/v2\/media\/28272"}],"wp:attachment":[{"href":"https:\/\/staging.rendez-vous-store.com\/fr\/wp-json\/wp\/v2\/media?parent=55750"}],"wp:term":[{"taxonomy":"product_brand","embeddable":true,"href":"https:\/\/staging.rendez-vous-store.com\/fr\/wp-json\/wp\/v2\/product_brand?post=55750"},{"taxonomy":"product_cat","embeddable":true,"href":"https:\/\/staging.rendez-vous-store.com\/fr\/wp-json\/wp\/v2\/product_cat?post=55750"},{"taxonomy":"product_tag","embeddable":true,"href":"https:\/\/staging.rendez-vous-store.com\/fr\/wp-json\/wp\/v2\/product_tag?post=55750"}],"curies":[{"name":"wp","href":"https:\/\/api.w.org\/{rel}","templated":true}]}}