{"id":81246,"date":"2022-08-27T12:34:15","date_gmt":"2022-08-27T10:34:15","guid":{"rendered":"https:\/\/www.rendez-vous-store.com\/?post_type=product&#038;p=81246"},"modified":"2026-02-01T14:51:23","modified_gmt":"2026-02-01T13:51:23","slug":"paraboot-reims-marche-noire-lis-noir","status":"publish","type":"product","link":"https:\/\/staging.rendez-vous-store.com\/fr\/shop\/men-selection-discover-our-selection-rendez-vous-store\/shoes-men-rendez-vous-store\/paraboot-reims-marche-noire-lis-noir\/","title":{"rendered":"Paraboot - Reims Marche Noire - Lis Noir"},"content":{"rendered":"<ul>\n<li>Mocassin pour hommes de Paraboot<\/li>\n<li>Couleur : Noir<\/li>\n<li>Cuir tann\u00e9 v\u00e9g\u00e9tal noir, construction norv\u00e9gienne<\/li>\n<li>Double couture qui maintient la tige et la semelle ensemble<\/li>\n<li>Doublure int\u00e9rieure en cuir<\/li>\n<li>Semelles en caoutchouc Paraboot v\u00e9ritable<\/li>\n<li>Artisanat<\/li>\n<li>Fabriqu\u00e9 en France<\/li>\n<li>Taille : UK<\/li>\n<\/ul>\n<p>&nbsp;<\/p>","protected":false},"excerpt":{"rendered":"<p>Men&#8217;s Moccasin from Paraboot Color: Black Black vegetable tanned leather with Norwegian construction Double stitching that holds the upper and the sole together Inner lining in leather Genuine Paraboot rubber soles Craftsmanship Made in France Sizing: UK &nbsp;<\/p>","protected":false},"featured_media":82514,"template":"","meta":{"_acf_changed":false},"product_brand":[],"product_cat":[20,181],"product_tag":[683],"class_list":{"0":"post-81246","1":"product","2":"type-product","3":"status-publish","4":"has-post-thumbnail","6":"product_cat-men-selection-discover-our-selection-rendez-vous-store","7":"product_cat-shoes-men-rendez-vous-store","8":"product_tag-paraboot","9":"entry","11":"first","12":"instock","13":"taxable","14":"shipping-taxable","15":"purchasable","16":"product-type-variable","17":"has-default-attributes"},"acf":[],"yoast_head":"<!-- This site is optimized with the Yoast SEO plugin v24.9 - https:\/\/yoast.com\/wordpress\/plugins\/seo\/ -->\n<title>Paraboot - Reims Marche Noire - Lis Noir - STAGING RENDEZ-VOUS STORE<\/title>\n<meta name=\"robots\" content=\"noindex, follow, max-snippet:-1, max-image-preview:large, max-video-preview:-1\" \/>\n<meta property=\"og:locale\" content=\"fr_FR\" \/>\n<meta property=\"og:type\" content=\"article\" \/>\n<meta property=\"og:title\" content=\"Paraboot - Reims Marche Noire - Lis Noir - STAGING RENDEZ-VOUS STORE\" \/>\n<meta property=\"og:description\" content=\"Men&#8217;s Moccasin from Paraboot Color: Black Black vegetable tanned leather with Norwegian construction Double stitching that holds the upper and the sole together Inner lining in leather Genuine Paraboot rubber soles Craftsmanship Made in France Sizing: UK &nbsp;\" \/>\n<meta property=\"og:url\" content=\"https:\/\/rendez-vous-store.com\/shop\/men-selection-discover-our-selection-rendez-vous-store\/shoes-men-rendez-vous-store\/paraboot-reims-marche-noire-lis-noir\/\" \/>\n<meta property=\"og:site_name\" content=\"STAGING RENDEZ-VOUS STORE\" \/>\n<meta property=\"article:modified_time\" content=\"2026-02-01T13:51:23+00:00\" \/>\n<meta property=\"og:image\" content=\"https:\/\/rendez-vous-store.com\/wp-content\/uploads\/2022\/08\/rdvstore_35-3.jpg\" \/>\n\t<meta property=\"og:image:width\" content=\"1060\" \/>\n\t<meta property=\"og:image:height\" content=\"1600\" \/>\n\t<meta property=\"og:image:type\" content=\"image\/jpeg\" \/>\n<meta name=\"twitter:card\" content=\"summary_large_image\" \/>\n<meta name=\"twitter:label1\" content=\"Est. reading time\" \/>\n\t<meta name=\"twitter:data1\" content=\"1 minute\" \/>\n<script type=\"application\/ld+json\" class=\"yoast-schema-graph\">{\"@context\":\"https:\/\/schema.org\",\"@graph\":[{\"@type\":\"WebPage\",\"@id\":\"https:\/\/rendez-vous-store.com\/shop\/men-selection-discover-our-selection-rendez-vous-store\/shoes-men-rendez-vous-store\/paraboot-reims-marche-noire-lis-noir\/\",\"url\":\"https:\/\/rendez-vous-store.com\/shop\/men-selection-discover-our-selection-rendez-vous-store\/shoes-men-rendez-vous-store\/paraboot-reims-marche-noire-lis-noir\/\",\"name\":\"Paraboot - Reims Marche Noire - Lis Noir - STAGING RENDEZ-VOUS STORE\",\"isPartOf\":{\"@id\":\"https:\/\/rendez-vous-store.com\/#website\"},\"primaryImageOfPage\":{\"@id\":\"https:\/\/rendez-vous-store.com\/shop\/men-selection-discover-our-selection-rendez-vous-store\/shoes-men-rendez-vous-store\/paraboot-reims-marche-noire-lis-noir\/#primaryimage\"},\"image\":{\"@id\":\"https:\/\/rendez-vous-store.com\/shop\/men-selection-discover-our-selection-rendez-vous-store\/shoes-men-rendez-vous-store\/paraboot-reims-marche-noire-lis-noir\/#primaryimage\"},\"thumbnailUrl\":\"https:\/\/images-store-v2.s3.eu-west-par.io.cloud.ovh.net\/uploads\/2022\/08\/rdvstore_35-3.jpg\",\"datePublished\":\"2022-08-27T10:34:15+00:00\",\"dateModified\":\"2026-02-01T13:51:23+00:00\",\"breadcrumb\":{\"@id\":\"https:\/\/rendez-vous-store.com\/shop\/men-selection-discover-our-selection-rendez-vous-store\/shoes-men-rendez-vous-store\/paraboot-reims-marche-noire-lis-noir\/#breadcrumb\"},\"inLanguage\":\"fr-FR\",\"potentialAction\":[{\"@type\":\"ReadAction\",\"target\":[\"https:\/\/rendez-vous-store.com\/shop\/men-selection-discover-our-selection-rendez-vous-store\/shoes-men-rendez-vous-store\/paraboot-reims-marche-noire-lis-noir\/\"]}]},{\"@type\":\"ImageObject\",\"inLanguage\":\"fr-FR\",\"@id\":\"https:\/\/rendez-vous-store.com\/shop\/men-selection-discover-our-selection-rendez-vous-store\/shoes-men-rendez-vous-store\/paraboot-reims-marche-noire-lis-noir\/#primaryimage\",\"url\":\"https:\/\/images-store-v2.s3.eu-west-par.io.cloud.ovh.net\/uploads\/2022\/08\/rdvstore_35-3.jpg\",\"contentUrl\":\"https:\/\/images-store-v2.s3.eu-west-par.io.cloud.ovh.net\/uploads\/2022\/08\/rdvstore_35-3.jpg\",\"width\":1060,\"height\":1600},{\"@type\":\"BreadcrumbList\",\"@id\":\"https:\/\/rendez-vous-store.com\/shop\/men-selection-discover-our-selection-rendez-vous-store\/shoes-men-rendez-vous-store\/paraboot-reims-marche-noire-lis-noir\/#breadcrumb\",\"itemListElement\":[{\"@type\":\"ListItem\",\"position\":1,\"name\":\"Home\",\"item\":\"https:\/\/rendez-vous-store.com\/\"},{\"@type\":\"ListItem\",\"position\":2,\"name\":\"Shop\",\"item\":\"https:\/\/www.rendez-vous-store.com\/shop\/\"},{\"@type\":\"ListItem\",\"position\":3,\"name\":\"Paraboot &#8211; Reims Marche Noire &#8211; Lis Noir\"}]},{\"@type\":\"WebSite\",\"@id\":\"https:\/\/rendez-vous-store.com\/#website\",\"url\":\"https:\/\/rendez-vous-store.com\/\",\"name\":\"STAGING RENDEZ-VOUS STORE\",\"description\":\"Slow Fashion for Women and Men\",\"potentialAction\":[{\"@type\":\"SearchAction\",\"target\":{\"@type\":\"EntryPoint\",\"urlTemplate\":\"https:\/\/rendez-vous-store.com\/?s={search_term_string}\"},\"query-input\":{\"@type\":\"PropertyValueSpecification\",\"valueRequired\":true,\"valueName\":\"search_term_string\"}}],\"inLanguage\":\"fr-FR\"}]}<\/script>\n<!-- \/ Yoast SEO plugin. -->","yoast_head_json":{"title":"Paraboot - Reims Marche Noire - Lis Noir - STAGING RENDEZ-VOUS STORE","robots":{"index":"noindex","follow":"follow","max-snippet":"max-snippet:-1","max-image-preview":"max-image-preview:large","max-video-preview":"max-video-preview:-1"},"og_locale":"fr_FR","og_type":"article","og_title":"Paraboot - Reims Marche Noire - Lis Noir - STAGING RENDEZ-VOUS STORE","og_description":"Men&#8217;s Moccasin from Paraboot Color: Black Black vegetable tanned leather with Norwegian construction Double stitching that holds the upper and the sole together Inner lining in leather Genuine Paraboot rubber soles Craftsmanship Made in France Sizing: UK &nbsp;","og_url":"https:\/\/rendez-vous-store.com\/shop\/men-selection-discover-our-selection-rendez-vous-store\/shoes-men-rendez-vous-store\/paraboot-reims-marche-noire-lis-noir\/","og_site_name":"STAGING RENDEZ-VOUS STORE","article_modified_time":"2026-02-01T13:51:23+00:00","og_image":[{"width":1060,"height":1600,"url":"https:\/\/rendez-vous-store.com\/wp-content\/uploads\/2022\/08\/rdvstore_35-3.jpg","type":"image\/jpeg"}],"twitter_card":"summary_large_image","twitter_misc":{"Est. reading time":"1 minute"},"schema":{"@context":"https:\/\/schema.org","@graph":[{"@type":"WebPage","@id":"https:\/\/rendez-vous-store.com\/shop\/men-selection-discover-our-selection-rendez-vous-store\/shoes-men-rendez-vous-store\/paraboot-reims-marche-noire-lis-noir\/","url":"https:\/\/rendez-vous-store.com\/shop\/men-selection-discover-our-selection-rendez-vous-store\/shoes-men-rendez-vous-store\/paraboot-reims-marche-noire-lis-noir\/","name":"Paraboot - Reims Marche Noire - Lis Noir - STAGING RENDEZ-VOUS STORE","isPartOf":{"@id":"https:\/\/rendez-vous-store.com\/#website"},"primaryImageOfPage":{"@id":"https:\/\/rendez-vous-store.com\/shop\/men-selection-discover-our-selection-rendez-vous-store\/shoes-men-rendez-vous-store\/paraboot-reims-marche-noire-lis-noir\/#primaryimage"},"image":{"@id":"https:\/\/rendez-vous-store.com\/shop\/men-selection-discover-our-selection-rendez-vous-store\/shoes-men-rendez-vous-store\/paraboot-reims-marche-noire-lis-noir\/#primaryimage"},"thumbnailUrl":"https:\/\/images-store-v2.s3.eu-west-par.io.cloud.ovh.net\/uploads\/2022\/08\/rdvstore_35-3.jpg","datePublished":"2022-08-27T10:34:15+00:00","dateModified":"2026-02-01T13:51:23+00:00","breadcrumb":{"@id":"https:\/\/rendez-vous-store.com\/shop\/men-selection-discover-our-selection-rendez-vous-store\/shoes-men-rendez-vous-store\/paraboot-reims-marche-noire-lis-noir\/#breadcrumb"},"inLanguage":"fr-FR","potentialAction":[{"@type":"ReadAction","target":["https:\/\/rendez-vous-store.com\/shop\/men-selection-discover-our-selection-rendez-vous-store\/shoes-men-rendez-vous-store\/paraboot-reims-marche-noire-lis-noir\/"]}]},{"@type":"ImageObject","inLanguage":"fr-FR","@id":"https:\/\/rendez-vous-store.com\/shop\/men-selection-discover-our-selection-rendez-vous-store\/shoes-men-rendez-vous-store\/paraboot-reims-marche-noire-lis-noir\/#primaryimage","url":"https:\/\/images-store-v2.s3.eu-west-par.io.cloud.ovh.net\/uploads\/2022\/08\/rdvstore_35-3.jpg","contentUrl":"https:\/\/images-store-v2.s3.eu-west-par.io.cloud.ovh.net\/uploads\/2022\/08\/rdvstore_35-3.jpg","width":1060,"height":1600},{"@type":"BreadcrumbList","@id":"https:\/\/rendez-vous-store.com\/shop\/men-selection-discover-our-selection-rendez-vous-store\/shoes-men-rendez-vous-store\/paraboot-reims-marche-noire-lis-noir\/#breadcrumb","itemListElement":[{"@type":"ListItem","position":1,"name":"Home","item":"https:\/\/rendez-vous-store.com\/"},{"@type":"ListItem","position":2,"name":"Shop","item":"https:\/\/www.rendez-vous-store.com\/shop\/"},{"@type":"ListItem","position":3,"name":"Paraboot &#8211; Reims Marche Noire &#8211; Lis Noir"}]},{"@type":"WebSite","@id":"https:\/\/rendez-vous-store.com\/#website","url":"https:\/\/rendez-vous-store.com\/","name":"STAGING RENDEZ-VOUS STORE","description":"Slow Fashion for Women and Men","potentialAction":[{"@type":"SearchAction","target":{"@type":"EntryPoint","urlTemplate":"https:\/\/rendez-vous-store.com\/?s={search_term_string}"},"query-input":{"@type":"PropertyValueSpecification","valueRequired":true,"valueName":"search_term_string"}}],"inLanguage":"fr-FR"}]}},"_links":{"self":[{"href":"https:\/\/staging.rendez-vous-store.com\/fr\/wp-json\/wp\/v2\/product\/81246","targetHints":{"allow":["GET"]}}],"collection":[{"href":"https:\/\/staging.rendez-vous-store.com\/fr\/wp-json\/wp\/v2\/product"}],"about":[{"href":"https:\/\/staging.rendez-vous-store.com\/fr\/wp-json\/wp\/v2\/types\/product"}],"wp:featuredmedia":[{"embeddable":true,"href":"https:\/\/staging.rendez-vous-store.com\/fr\/wp-json\/wp\/v2\/media\/82514"}],"wp:attachment":[{"href":"https:\/\/staging.rendez-vous-store.com\/fr\/wp-json\/wp\/v2\/media?parent=81246"}],"wp:term":[{"taxonomy":"product_brand","embeddable":true,"href":"https:\/\/staging.rendez-vous-store.com\/fr\/wp-json\/wp\/v2\/product_brand?post=81246"},{"taxonomy":"product_cat","embeddable":true,"href":"https:\/\/staging.rendez-vous-store.com\/fr\/wp-json\/wp\/v2\/product_cat?post=81246"},{"taxonomy":"product_tag","embeddable":true,"href":"https:\/\/staging.rendez-vous-store.com\/fr\/wp-json\/wp\/v2\/product_tag?post=81246"}],"curies":[{"name":"wp","href":"https:\/\/api.w.org\/{rel}","templated":true}]}}